{"id":876,"date":"2022-05-24T16:26:17","date_gmt":"2022-05-24T14:26:17","guid":{"rendered":"https:\/\/www.prieure-carcassonne.fr\/?page_id=876"},"modified":"2024-01-16T11:42:11","modified_gmt":"2024-01-16T10:42:11","slug":"casa-rural-le-couvent","status":"publish","type":"page","link":"https:\/\/www.prieure-carcassonne.fr\/?page_id=876&lang=es","title":{"rendered":"Casa rural le Couvent ****"},"content":{"rendered":"<style id=\"wp_carousel_dynamic_css246\">.sp-wp-carousel-free-id-246.wpcf-fancybox-wrapper .fancybox-bg{background: #0b0b0b;opacity: 0.8;}.sp-wp-carousel-free-id-246.wpcf-fancybox-wrapper .fancybox-navigation .fancybox-button .wpcp-fancybox-nav-arrow i {color: #ccc;}.sp-wp-carousel-free-id-246.wpcf-fancybox-wrapper .fancybox-navigation .fancybox-button .wpcp-fancybox-nav-arrow i:hover {color: #fff;}.sp-wp-carousel-free-id-246.wpcf-fancybox-wrapper .fancybox-navigation .fancybox-button {background: #1e1e1e;}.sp-wp-carousel-free-id-246.wpcf-fancybox-wrapper .fancybox-navigation .fancybox-button:hover {background: #1e1e1e;}#sp-wp-carousel-free-id-246 .wpcp-swiper-dots {margin: 40px 0px 0px 0px;}.wpcp-wrapper-246 .swiper-wrapper .swiper-slide-kenburn, .wpcp-wrapper-246 .swiper-wrapper, .wpcp-wrapper-246 .wpcpro-row{align-items: center;}#sp-wp-carousel-free-id-246 .wpcp-single-item {box-shadow: 0px 0px 0px 0px #dddddd;transition: all .3s;margin: 0px;}#sp-wp-carousel-free-id-246.swiper-flip .wpcp-single-item{margin: 0!important;}#sp-wp-carousel-free-id-246 .wpcp-single-item:hover {box-shadow: 0px 0px 0px 0px #dddddd;}#sp-wp-carousel-free-id-246.sp-wpcp-246 .wpcp-single-item {border: 0px none #dddddd;}#sp-wp-carousel-free-id-246.sp-wpcp-246 .swiper-button-prev,#sp-wp-carousel-free-id-246.sp-wpcp-246 .swiper-button-next,#sp-wp-carousel-free-id-246.sp-wpcp-246 .swiper-button-prev:hover,#sp-wp-carousel-free-id-246.sp-wpcp-246 .swiper-button-next:hover {background: none;border: none;font-size: 30px;}#sp-wp-carousel-free-id-246.sp-wpcp-246 .swiper-button-prev i,#sp-wp-carousel-free-id-246.sp-wpcp-246 .swiper-button-next i {color: #c39b4d;}#sp-wp-carousel-free-id-246.sp-wpcp-246 .swiper-button-prev i:hover,#sp-wp-carousel-free-id-246.sp-wpcp-246 .swiper-button-next i:hover {color: #5e2320;}#sp-wp-carousel-free-id-246.sp-wpcp-246 .wpcp-swiper-dots .swiper-pagination-bullet {background-color: #cccccc;}#sp-wp-carousel-free-id-246.sp-wpcp-246 .wpcp-swiper-dots .swiper-pagination-bullet.swiper-pagination-bullet-active {background-color: #c39b4d;} #sp-wp-carousel-free-id-246.sp-wpcp-246.wpcp-image-carousel .wpcp-single-item:hover img, #sp-wp-carousel-free-id-246.sp-wpcp-246.wpcp-post-carousel .wpcp-single-item:hover img, #sp-wp-carousel-free-id-246.sp-wpcp-246.wpcp-product-carousel .wpcp-single-item:hover img{-webkit-transform: scale(1.2);-moz-transform: scale(1.2);transform: scale(1.2);}#sp-wp-carousel-free-id-246 .wpcpro-row>[class*=\"wpcpro-col-\"] { padding: 0 10px; padding-bottom: 20px;} #sp-wp-carousel-free-id-246 .swiper-slide .single-item-fade:not(:last-child) { margin-right: 20px;}@media (min-width: 480px) { .wpcpro-row .wpcpro-col-sm-1 { flex: 0 0 100%; max-width: 100%; } .wpcpro-row .wpcpro-col-sm-2 { flex: 0 0 50%; max-width: 50%; } .wpcpro-row .wpcpro-col-sm-2-5 { flex: 0 0 75%; max-width: 75%; } .wpcpro-row .wpcpro-col-sm-3 { flex: 0 0 33.333%; max-width: 33.333%; } .wpcpro-row .wpcpro-col-sm-4 { flex: 0 0 25%; max-width: 25%; } .wpcpro-row .wpcpro-col-sm-5 { flex: 0 0 20%; max-width: 20%; } .wpcpro-row .wpcpro-col-sm-6 { flex: 0 0 16.66666666666667%; max-width: 16.66666666666667%; } .wpcpro-row .wpcpro-col-sm-7 { flex: 0 0 14.28571428%; max-width: 14.28571428%; } .wpcpro-row .wpcpro-col-sm-8 { flex: 0 0 12.5%; max-width: 12.5%; } } @media (max-width: 480px) { .wpcpro-row .wpcpro-col-xs-1 { flex: 0 0 100%; max-width: 100%; } .wpcpro-row .wpcpro-col-xs-2 { flex: 0 0 50%; max-width: 50%; } .wpcpro-row .wpcpro-col-xs-3 { flex: 0 0 33.222%; max-width: 33.222%; } .wpcpro-row .wpcpro-col-xs-4 { flex: 0 0 25%; max-width: 25%; } .wpcpro-row .wpcpro-col-xs-5 { flex: 0 0 20%; max-width: 20%; } .wpcpro-row .wpcpro-col-xs-6 { flex: 0 0 16.6667%; max-width: 16.6667%; } .wpcpro-row .wpcpro-col-xs-7 { flex: 0 0 14.28571428%; max-width: 14.28571428%; } .wpcpro-row .wpcpro-col-xs-8 { flex: 0 0 12.5%; max-width: 12.5%; } } @media (min-width: 736px) { .wpcpro-row .wpcpro-col-md-1 { flex: 0 0 100%; max-width: 100%; } .wpcpro-row .wpcpro-col-md-2 { flex: 0 0 50%; max-width: 50%; } .wpcpro-row .wpcpro-col-md-2-5 { flex: 0 0 75%; max-width: 75%; } .wpcpro-row .wpcpro-col-md-3 { flex: 0 0 33.333%; max-width: 33.333%; } .wpcpro-row .wpcpro-col-md-4 { flex: 0 0 25%; max-width: 25%; } .wpcpro-row .wpcpro-col-md-5 { flex: 0 0 20%; max-width: 20%; } .wpcpro-row .wpcpro-col-md-6 { flex: 0 0 16.66666666666667%; max-width: 16.66666666666667%; } .wpcpro-row .wpcpro-col-md-7 { flex: 0 0 14.28571428%; max-width: 14.28571428%; } .wpcpro-row .wpcpro-col-md-8 { flex: 0 0 12.5%; max-width: 12.5%; } } @media (min-width: 980px) { .wpcpro-row .wpcpro-col-lg-1 { flex: 0 0 100%; max-width: 100%; } .wpcpro-row .wpcpro-col-lg-2 { flex: 0 0 50%; max-width: 50%; } .wpcpro-row .wpcpro-col-lg-3 { flex: 0 0 33.222%; max-width: 33.222%; } .wpcpro-row .wpcpro-col-lg-4 { flex: 0 0 25%; max-width: 25%; } .wpcpro-row .wpcpro-col-lg-5 { flex: 0 0 20%; max-width: 20%; } .wpcpro-row .wpcpro-col-lg-6 { flex: 0 0 16.6667%; max-width: 16.6667%; } .wpcpro-row .wpcpro-col-lg-7 { flex: 0 0 14.28571428%; max-width: 14.28571428%; } .wpcpro-row .wpcpro-col-lg-8 { flex: 0 0 12.5%; max-width: 12.5%; } } @media (min-width: 1200px) { .wpcpro-row .wpcpro-col-xl-1 { flex: 0 0 100%; max-width: 100%; } .wpcpro-row .wpcpro-col-xl-2 { flex: 0 0 50%; max-width: 50%; } .wpcpro-row .wpcpro-col-xl-3 { flex: 0 0 33.22222222%; max-width: 33.22222222%; } .wpcpro-row .wpcpro-col-xl-4 { flex: 0 0 25%; max-width: 25%; } .wpcpro-row .wpcpro-col-xl-5 { flex: 0 0 20%; max-width: 20%; } .wpcpro-row .wpcpro-col-xl-6 { flex: 0 0 16.66667%; max-width: 16.66667%; } .wpcpro-row .wpcpro-col-xl-7 { flex: 0 0 14.28571428%; max-width: 14.28571428%; } .wpcpro-row .wpcpro-col-xl-8 { flex: 0 0 12.5%; max-width: 12.5%; } }<\/style><div class=\"wpcp-carousel-wrapper wpcp-wrapper-246\">\n\t<div id=\"wpcp-preloader-246\" class=\"wpcp-carousel-preloader\"><img src=\"https:\/\/www.prieure-carcassonne.fr\/wp-content\/plugins\/wp-carousel-free\/public\/css\/spinner.svg\" alt=\"Preloader Image\" \/><\/div>\t<div class=\"wpcp-carousel-content-wrapper\">\n\t<div id=\"sp-wp-carousel-free-id-246\" class=\"wpcp-carousel-section sp-wpcp-246  nav-vertical-center wpcp-image-carousel wpcp-preloader wpcp-standard\" data-swiper='{ &quot;pagination_type&quot;: &quot;dots&quot;,&quot;accessibility&quot;:true, &quot;spaceBetween&quot;:20, &quot;arrows&quot;:true, &quot;freeMode&quot;: false, &quot;autoplay&quot;:true, &quot;effect&quot;: &quot;slide&quot;, &quot;centerMode&quot;: false, &quot;autoplaySpeed&quot;:3000, &quot;dots&quot;:true, &quot;infinite&quot;:true, &quot;speed&quot;:600, &quot;pauseOnHover&quot;:true,\n\t\t\t&quot;slidesToShow&quot;:{&quot;lg_desktop&quot;:3, &quot;desktop&quot;: 3, &quot;laptop&quot;: 3, &quot;tablet&quot;: 2, &quot;mobile&quot;: 1}, &quot;responsive&quot;:{&quot;desktop&quot;:1200, &quot;laptop&quot;: 980, &quot;tablet&quot;: 736, &quot;mobile&quot;: 480}, &quot;rtl&quot;:false, &quot;lazyLoad&quot;: &quot;ondemand&quot;, &quot;swipe&quot;: true, &quot;draggable&quot;: true, &quot;swipeToSlide&quot;:false }' dir=\"ltr\">\n\t\t<div class=\"swiper-wrapper\">\n\t\t<div class=\"swiper-slide\">\n\t<div class=\"wpcp-single-item\">\n\t\t\t<div class=\"wpcp-slide-image\">\n\t\t<img class=\"wcp-lazy swiper-lazy\" data-src=\"https:\/\/www.prieure-carcassonne.fr\/wp-content\/uploads\/2022\/07\/Couvent_01_web-1024x684.jpg\" src=\"https:\/\/www.prieure-carcassonne.fr\/wp-content\/plugins\/wp-carousel-free\/public\/css\/spinner.svg\" alt=\"Couvent_01_web\" width=\"750\" height=\"501\">\t<\/div>\n\t\t<\/div>\n<\/div>\n\t<div class=\"swiper-slide\">\n\t<div class=\"wpcp-single-item\">\n\t\t\t<div class=\"wpcp-slide-image\">\n\t\t<img class=\"wcp-lazy swiper-lazy\" data-src=\"https:\/\/www.prieure-carcassonne.fr\/wp-content\/uploads\/2022\/07\/cuisine_couvent_web-1024x684.jpg\" src=\"https:\/\/www.prieure-carcassonne.fr\/wp-content\/plugins\/wp-carousel-free\/public\/css\/spinner.svg\" alt=\"cuisine_couvent_web\" width=\"750\" height=\"501\">\t<\/div>\n\t\t<\/div>\n<\/div>\n\t<div class=\"swiper-slide\">\n\t<div class=\"wpcp-single-item\">\n\t\t\t<div class=\"wpcp-slide-image\">\n\t\t<img class=\"wcp-lazy swiper-lazy\" data-src=\"https:\/\/www.prieure-carcassonne.fr\/wp-content\/uploads\/2022\/07\/salon_couvent_web-1024x684.jpg\" src=\"https:\/\/www.prieure-carcassonne.fr\/wp-content\/plugins\/wp-carousel-free\/public\/css\/spinner.svg\" alt=\"salon_couvent_web\" width=\"750\" height=\"501\">\t<\/div>\n\t\t<\/div>\n<\/div>\n\t<div class=\"swiper-slide\">\n\t<div class=\"wpcp-single-item\">\n\t\t\t<div class=\"wpcp-slide-image\">\n\t\t<img class=\"wcp-lazy swiper-lazy\" data-src=\"https:\/\/www.prieure-carcassonne.fr\/wp-content\/uploads\/2022\/07\/table_couvent_web-1024x684.jpg\" src=\"https:\/\/www.prieure-carcassonne.fr\/wp-content\/plugins\/wp-carousel-free\/public\/css\/spinner.svg\" alt=\"table_couvent_web\" width=\"750\" height=\"501\">\t<\/div>\n\t\t<\/div>\n<\/div>\n\t<div class=\"swiper-slide\">\n\t<div class=\"wpcp-single-item\">\n\t\t\t<div class=\"wpcp-slide-image\">\n\t\t<img class=\"wcp-lazy swiper-lazy\" data-src=\"https:\/\/www.prieure-carcassonne.fr\/wp-content\/uploads\/2022\/07\/terrasse1_couvent_web-1024x684.jpg\" src=\"https:\/\/www.prieure-carcassonne.fr\/wp-content\/plugins\/wp-carousel-free\/public\/css\/spinner.svg\" alt=\"terrasse1_couvent_web\" width=\"750\" height=\"501\">\t<\/div>\n\t\t<\/div>\n<\/div>\n\t<div class=\"swiper-slide\">\n\t<div class=\"wpcp-single-item\">\n\t\t\t<div class=\"wpcp-slide-image\">\n\t\t<img class=\"wcp-lazy swiper-lazy\" data-src=\"https:\/\/www.prieure-carcassonne.fr\/wp-content\/uploads\/2022\/07\/chambre3_couvent_web-1024x684.jpg\" src=\"https:\/\/www.prieure-carcassonne.fr\/wp-content\/plugins\/wp-carousel-free\/public\/css\/spinner.svg\" alt=\"chambre3_couvent_web\" width=\"750\" height=\"501\">\t<\/div>\n\t\t<\/div>\n<\/div>\n\t<div class=\"swiper-slide\">\n\t<div class=\"wpcp-single-item\">\n\t\t\t<div class=\"wpcp-slide-image\">\n\t\t<img class=\"wcp-lazy swiper-lazy\" data-src=\"https:\/\/www.prieure-carcassonne.fr\/wp-content\/uploads\/2022\/07\/terrasse2_couvent_web-1024x684.jpg\" src=\"https:\/\/www.prieure-carcassonne.fr\/wp-content\/plugins\/wp-carousel-free\/public\/css\/spinner.svg\" alt=\"terrasse2_couvent_web\" width=\"750\" height=\"501\">\t<\/div>\n\t\t<\/div>\n<\/div>\n\t<div class=\"swiper-slide\">\n\t<div class=\"wpcp-single-item\">\n\t\t\t<div class=\"wpcp-slide-image\">\n\t\t<img class=\"wcp-lazy swiper-lazy\" data-src=\"https:\/\/www.prieure-carcassonne.fr\/wp-content\/uploads\/2022\/07\/Chambre1_couvent_web-1024x684.jpg\" src=\"https:\/\/www.prieure-carcassonne.fr\/wp-content\/plugins\/wp-carousel-free\/public\/css\/spinner.svg\" alt=\"Chambre1_couvent_web\" width=\"750\" height=\"501\">\t<\/div>\n\t\t<\/div>\n<\/div>\n\t<div class=\"swiper-slide\">\n\t<div class=\"wpcp-single-item\">\n\t\t\t<div class=\"wpcp-slide-image\">\n\t\t<img class=\"wcp-lazy swiper-lazy\" data-src=\"https:\/\/www.prieure-carcassonne.fr\/wp-content\/uploads\/2022\/07\/vue_piscine_couvent_web-1024x684.jpg\" src=\"https:\/\/www.prieure-carcassonne.fr\/wp-content\/plugins\/wp-carousel-free\/public\/css\/spinner.svg\" alt=\"vue_piscine_couvent_web\" width=\"750\" height=\"501\">\t<\/div>\n\t\t<\/div>\n<\/div>\n\t<div class=\"swiper-slide\">\n\t<div class=\"wpcp-single-item\">\n\t\t\t<div class=\"wpcp-slide-image\">\n\t\t<img class=\"wcp-lazy swiper-lazy\" data-src=\"https:\/\/www.prieure-carcassonne.fr\/wp-content\/uploads\/2022\/07\/chambre2_couvent_web-1024x684.jpg\" src=\"https:\/\/www.prieure-carcassonne.fr\/wp-content\/plugins\/wp-carousel-free\/public\/css\/spinner.svg\" alt=\"chambre2_couvent_web\" width=\"750\" height=\"501\">\t<\/div>\n\t\t<\/div>\n<\/div>\n\t<div class=\"swiper-slide\">\n\t<div class=\"wpcp-single-item\">\n\t\t\t<div class=\"wpcp-slide-image\">\n\t\t<img class=\"wcp-lazy swiper-lazy\" data-src=\"https:\/\/www.prieure-carcassonne.fr\/wp-content\/uploads\/2022\/07\/sdb2_couvent_web-1024x684.jpg\" src=\"https:\/\/www.prieure-carcassonne.fr\/wp-content\/plugins\/wp-carousel-free\/public\/css\/spinner.svg\" alt=\"sdb2_couvent_web\" width=\"750\" height=\"501\">\t<\/div>\n\t\t<\/div>\n<\/div>\n\t<div class=\"swiper-slide\">\n\t<div class=\"wpcp-single-item\">\n\t\t\t<div class=\"wpcp-slide-image\">\n\t\t<img class=\"wcp-lazy swiper-lazy\" data-src=\"https:\/\/www.prieure-carcassonne.fr\/wp-content\/uploads\/2022\/07\/detail_couvent_web-1024x684.jpg\" src=\"https:\/\/www.prieure-carcassonne.fr\/wp-content\/plugins\/wp-carousel-free\/public\/css\/spinner.svg\" alt=\"detail_couvent_web\" width=\"750\" height=\"501\">\t<\/div>\n\t\t<\/div>\n<\/div>\n\t\t\t<\/div>\n\t\t\t\t\t<div class=\"wpcp-swiper-dots swiper-pagination\"><\/div>\n\t\t\t\t<!-- If we need navigation buttons -->\n\t\t\t\t\t<div class=\"wpcp-prev-button swiper-button-prev\"><i class=\"fa fa-angle-left\"><\/i><\/div>\n\t\t\t<div class=\"wpcp-next-button swiper-button-next\"><i class=\"fa fa-angle-right\"><\/i><\/div>\n\t\t\t<\/div>\n\t<\/div>\n<\/div>\n\n\n<div class=\"is-layout-flex wp-container-3 wp-block-columns alignfull no-margin has-white-color has-text-color has-background\" style=\"background-color:#5e2320\">\n<div class=\"is-layout-flow wp-block-column home-left-col\">\n<h2>CASA DE 3 DORMITORIOS<\/h2>\n\n\n\n<p>Una casa rural independiente de 250 m\u00b2 distribuidos en 2 niveles, que ofrece un suntuoso espacio de vida para un m\u00e1ximo de 8 personas.<\/p>\n\n\n\n<p>Esta joya hist\u00f3rica, un antiguo convento de la Sagrada Familia construido en 1877 para 19 monjas, ha sido completamente renovado para combinar el encanto de \u00e9poca con el confort contempor\u00e1neo. Disfrutar\u00e1s :<\/p>\n\n\n\n<p>&#8211; Una gran cocina totalmente equipada.  <\/p>\n\n\n\n<p>&#8211; Un sal\u00f3n de 50m\u00b2 con terraza privada y barbacoa.  <\/p>\n\n\n\n<p>&#8211; 3 amplios dormitorios: una suite principal y dos dormitorios triples (una cama doble y una cama individual).  <\/p>\n\n\n\n<p>&#8211; 3 aseos y 2 cuartos de ba\u00f1o.<\/p>\n\n\n\n<p>Como guinda del pastel, disfrute de una experiencia ins\u00f3lita tomando un ba\u00f1o de hidromasaje en la antigua capilla, bajo una vidriera catalogada.<\/p>\n\n\n\n<div class=\"is-layout-flow wp-block-group picto-group picto-group-2\"><div class=\"wp-block-group__inner-container\">\n<figure class=\"wp-block-image size-full picto\"><img decoding=\"async\" loading=\"lazy\" width=\"80\" height=\"80\" src=\"https:\/\/www.prieure-carcassonne.fr\/wp-content\/uploads\/2022\/06\/piscine@2x.png\" alt=\"\" class=\"wp-image-96\"\/><\/figure>\n\n\n\n<figure class=\"wp-block-image size-full picto\"><img decoding=\"async\" loading=\"lazy\" width=\"98\" height=\"100\" src=\"https:\/\/www.prieure-carcassonne.fr\/wp-content\/uploads\/2022\/06\/terrasse@2x.png\" alt=\"\" class=\"wp-image-97\"\/><\/figure>\n\n\n\n<figure class=\"wp-block-image size-full picto\"><img decoding=\"async\" loading=\"lazy\" width=\"118\" height=\"118\" src=\"https:\/\/www.prieure-carcassonne.fr\/wp-content\/uploads\/2022\/06\/barbecue@2x.png\" alt=\"\" class=\"wp-image-98\"\/><\/figure>\n\n\n\n<figure class=\"wp-block-image size-full picto\"><img decoding=\"async\" loading=\"lazy\" width=\"104\" height=\"104\" src=\"https:\/\/www.prieure-carcassonne.fr\/wp-content\/uploads\/2022\/06\/tv@2x.png\" alt=\"\" class=\"wp-image-99\"\/><\/figure>\n\n\n\n<figure class=\"wp-block-image size-full picto\"><img decoding=\"async\" loading=\"lazy\" width=\"126\" height=\"126\" src=\"https:\/\/www.prieure-carcassonne.fr\/wp-content\/uploads\/2022\/06\/cuisine@2x.png\" alt=\"\" class=\"wp-image-100\"\/><\/figure>\n\n\n\n<figure class=\"wp-block-image size-full picto\"><img decoding=\"async\" loading=\"lazy\" width=\"146\" height=\"146\" src=\"https:\/\/www.prieure-carcassonne.fr\/wp-content\/uploads\/2022\/06\/wifi@2x.png\" alt=\"\" class=\"wp-image-101\"\/><\/figure>\n\n\n\n<figure class=\"wp-block-image size-full picto\"><img decoding=\"async\" loading=\"lazy\" width=\"128\" height=\"128\" src=\"https:\/\/www.prieure-carcassonne.fr\/wp-content\/uploads\/2022\/06\/recharche@2x.png\" alt=\"\" class=\"wp-image-102\"\/><\/figure>\n\n\n\n<figure class=\"wp-block-image size-full picto\"><img decoding=\"async\" loading=\"lazy\" width=\"104\" height=\"104\" src=\"https:\/\/www.prieure-carcassonne.fr\/wp-content\/uploads\/2022\/06\/bycicle.png\" alt=\"\" class=\"wp-image-110\"\/><\/figure>\n\n\n\n<figure class=\"wp-block-image size-full picto\"><img decoding=\"async\" loading=\"lazy\" width=\"160\" height=\"160\" src=\"https:\/\/www.prieure-carcassonne.fr\/wp-content\/uploads\/2022\/06\/animaux@2x.png\" alt=\"\" class=\"wp-image-103\" srcset=\"https:\/\/www.prieure-carcassonne.fr\/wp-content\/uploads\/2022\/06\/animaux@2x.png 160w, https:\/\/www.prieure-carcassonne.fr\/wp-content\/uploads\/2022\/06\/animaux@2x-150x150.png 150w\" sizes=\"(max-width: 160px) 100vw, 160px\" \/><\/figure>\n<\/div><\/div>\n<\/div>\n<\/div>\n\n<div class=\"is-layout-flex wp-container-7 wp-block-columns alignfull no-margin has-white-background-color has-background\">\n<div class=\"is-layout-flow wp-block-column home-left-col\">\n<h2 class=\"has-text-color\" style=\"color:#5e2320\"><strong>INFORMACI\u00d3N \u00daTIL<\/strong><\/h2>\n\n\n\n<p>La casa rural est\u00e1 equipada con :  <br\/>&#8211; Cot.  <br\/>&#8211; Juegos de mesa y Play Station 3.  <br\/>&#8211; TV de pantalla plana y reproductor de DVD.  <br\/>&#8211; Libros y DVD  <br\/>&#8211; Lavadora\/secadora combinada para la colada dom\u00e9stica<\/p>\n\n\n\n<p>La cocina est\u00e1 equipada con :  <br\/>&#8211; Horno  <br\/>&#8211; Placa de inducci\u00f3n.  <br\/>&#8211; Horno microondas  <br\/>&#8211; Nevera americana  <br\/>&#8211; Hervidor, Senseo, cafetera de filtro  <br\/>&#8211; Lavavajillas y pastillas caseras<br\/>&#8211; Robots dom\u00e9sticos  <br\/>&#8211; Caldo de casa (aceites, vinagre casero&#8230;)<\/p>\n<\/div>\n\n\n\n<div class=\"is-layout-flow wp-block-column is-vertically-aligned-center col-info-center\">\n<div class=\"is-layout-flow wp-block-group group-couvent\"><div class=\"wp-block-group__inner-container\">\n<p>WIFI EN TODA LA CASA RURAL.  <br\/>2 plazas de aparcamiento.  <br\/>Ropa de cama sin cargo adicional  <br\/>Casa para no fumadores  <\/p>\n\n\n\n<p>Se admiten mascotas sin cargo adicional.  <\/p>\n\n\n\n<p>Toma exterior de 220 V para veh\u00edculo el\u00e9ctrico.<\/p>\n<\/div><\/div>\n\n\n\n<p class=\"has-text-align-center gold-button buble-title booking-links\"><strong><a href=\"https:\/\/domaine-le-couvent.galaxy-reservation.fr\" target=\"_blank\" rel=\"noreferrer noopener\">LIBRO<\/a><\/strong><\/p>\n<\/div>\n<\/div>\n\n<div class=\"is-layout-flex wp-container-9 wp-block-columns alignfull no-margin\">\n<div class=\"is-layout-flow wp-block-column\">\n<figure class=\"wp-block-image alignfull size-large no-margin parallax-container\"><img decoding=\"async\" loading=\"lazy\" width=\"1024\" height=\"683\" src=\"https:\/\/www.prieure-carcassonne.fr\/wp-content\/uploads\/2023\/07\/DSC1748-1-1024x683.jpg\" alt=\"\" class=\"wp-image-965\" srcset=\"https:\/\/www.prieure-carcassonne.fr\/wp-content\/uploads\/2023\/07\/DSC1748-1-1024x683.jpg 1024w, https:\/\/www.prieure-carcassonne.fr\/wp-content\/uploads\/2023\/07\/DSC1748-1-300x200.jpg 300w, https:\/\/www.prieure-carcassonne.fr\/wp-content\/uploads\/2023\/07\/DSC1748-1-768x513.jpg 768w, https:\/\/www.prieure-carcassonne.fr\/wp-content\/uploads\/2023\/07\/DSC1748-1-1536x1025.jpg 1536w, https:\/\/www.prieure-carcassonne.fr\/wp-content\/uploads\/2023\/07\/DSC1748-1-2048x1367.jpg 2048w, https:\/\/www.prieure-carcassonne.fr\/wp-content\/uploads\/2023\/07\/DSC1748-1-1568x1046.jpg 1568w\" sizes=\"(max-width: 1024px) 100vw, 1024px\" \/><\/figure>\n<\/div>\n<\/div>\n\n<div class=\"is-layout-flex wp-container-15 wp-block-columns alignfull no-margin no-gap stack-small has-white-background-color has-background\" style=\"padding-top:0px;padding-right:0px;padding-bottom:0px;padding-left:0px\">\n<div class=\"is-layout-flow wp-block-column\">\n<iframe src=\"https:\/\/www.google.com\/maps\/embed?pb=!1m18!1m12!1m3!1d41444.741879831796!2d2.291297199695311!3d43.219782036133985!2m3!1f0!2f0!3f0!3m2!1i1024!2i768!4f13.1!3m3!1m2!1s0x12ae331450aa22d7%3A0x2f19b6fb67b80c27!2sDomaine%20Le%20Couvent%20-%20g%C3%AEtes%204*2A!5e0!3m2!1sfr!2sfr!4v1654270571903!5m2!1sfr!2sfr\" style=\"border:0;\" allowfullscreen=\"\" loading=\"lazy\" referrerpolicy=\"no-referrer-when-downgrade\" width=\"962\" height=\"500\"><\/iframe>\n<\/div>\n\n\n\n<div class=\"is-layout-flow wp-block-column\">\n<div class=\"is-layout-flex wp-container-13 wp-block-columns is-not-stacked-on-mobile has-background\" style=\"background-color:#f5efe3;padding-top:0px;padding-right:0px;padding-bottom:0px;padding-left:0px\">\n<div class=\"is-layout-flow wp-block-column home-left-col\" style=\"flex-basis:66.66%\">\n<h2 class=\"has-text-color\" style=\"color:#5e2320\">DOMINIO<br\/>DU PIEUR\u00c9<\/h2>\n\n\n\n<p class=\"has-text-color\" style=\"color:#5e2320\"><strong>9 Rue des Saumes<br\/>Hamlet de Gr\u00e8zes<br\/>11100 CARCASSONNE<\/strong><\/p>\n\n\n\n<p class=\"has-text-color\" style=\"color:#5e2320\"><strong>Tel. : 06 67 94 01 73<br\/>Correo electr\u00f3nico: couvent_carcassonne@yahoo.fr<\/strong><\/p>\n<\/div>\n\n\n\n<div class=\"is-layout-flow wp-block-column\" style=\"flex-basis:33.33%\"><div class=\"wp-block-image no-margin\">\n<figure class=\"alignright size-full is-resized\"><img decoding=\"async\" loading=\"lazy\" src=\"https:\/\/www.prieure-carcassonne.fr\/wp-content\/uploads\/2022\/06\/fer_forge-1@2x.png\" alt=\"\" class=\"wp-image-138\" width=\"177\" height=\"498\"\/><\/figure><\/div><\/div>\n<\/div>\n<\/div>\n<\/div>\n\n<div class=\"is-layout-flex wp-container-18 wp-block-columns alignfull is-not-stacked-on-mobile no-margin has-white-background-color has-background\" style=\"padding-top:0px;padding-right:0px;padding-bottom:0px;padding-left:0px\">\n<div class=\"is-layout-flow wp-block-column\" style=\"flex-basis:20%\"><div class=\"wp-block-image\">\n<figure class=\"alignleft size-full is-resized\"><img decoding=\"async\" loading=\"lazy\" src=\"https:\/\/www.prieure-carcassonne.fr\/wp-content\/uploads\/2022\/06\/fer_forge@2x.png\" alt=\"\" class=\"wp-image-152\" width=\"177\" height=\"498\"\/><\/figure><\/div><\/div>\n\n\n\n<div class=\"is-layout-flow wp-block-column\" style=\"flex-basis:80%\">\n<script src=\"https:\/\/apps.elfsight.com\/p\/platform.js\" defer=\"defer\"><\/script>\n<div class=\"elfsight-app-3596b6bf-de4a-47de-8fbb-786d9b65d059\"><\/div>\n<\/div>\n<\/div>\n","protected":false},"excerpt":{"rendered":"<p>CASA DE 3 DORMITORIOS Una casa rural independiente de 250 m\u00b2 distribuidos en 2 niveles, que ofrece un suntuoso espacio de vida para un m\u00e1ximo de 8 personas. Esta joya hist\u00f3rica, un antiguo convento de la Sagrada Familia construido en 1877 para 19 monjas, ha sido completamente renovado para combinar el encanto de \u00e9poca con&hellip; <a class=\"more-link\" href=\"https:\/\/www.prieure-carcassonne.fr\/?page_id=876&#038;lang=es\">Poursuivre la lecture <span class=\"screen-reader-text\">Casa rural le Couvent ****<\/span><\/a><\/p>\n","protected":false},"author":1,"featured_media":0,"parent":0,"menu_order":0,"comment_status":"closed","ping_status":"closed","template":"","meta":[],"_links":{"self":[{"href":"https:\/\/www.prieure-carcassonne.fr\/index.php?rest_route=\/wp\/v2\/pages\/876"}],"collection":[{"href":"https:\/\/www.prieure-carcassonne.fr\/index.php?rest_route=\/wp\/v2\/pages"}],"about":[{"href":"https:\/\/www.prieure-carcassonne.fr\/index.php?rest_route=\/wp\/v2\/types\/page"}],"author":[{"embeddable":true,"href":"https:\/\/www.prieure-carcassonne.fr\/index.php?rest_route=\/wp\/v2\/users\/1"}],"replies":[{"embeddable":true,"href":"https:\/\/www.prieure-carcassonne.fr\/index.php?rest_route=%2Fwp%2Fv2%2Fcomments&post=876"}],"version-history":[{"count":5,"href":"https:\/\/www.prieure-carcassonne.fr\/index.php?rest_route=\/wp\/v2\/pages\/876\/revisions"}],"predecessor-version":[{"id":987,"href":"https:\/\/www.prieure-carcassonne.fr\/index.php?rest_route=\/wp\/v2\/pages\/876\/revisions\/987"}],"wp:attachment":[{"href":"https:\/\/www.prieure-carcassonne.fr\/index.php?rest_route=%2Fwp%2Fv2%2Fmedia&parent=876"}],"curies":[{"name":"wp","href":"https:\/\/api.w.org\/{rel}","templated":true}]}}