{"id":875,"date":"2022-05-24T16:19:16","date_gmt":"2022-05-24T14:19:16","guid":{"rendered":"https:\/\/www.prieure-carcassonne.fr\/?page_id=875"},"modified":"2023-06-16T14:50:30","modified_gmt":"2023-06-16T12:50:30","slug":"home-domaine-du-prieure-carcassonne","status":"publish","type":"page","link":"https:\/\/www.prieure-carcassonne.fr\/?page_id=875&lang=en","title":{"rendered":"Home &#8211; Domaine du Prieur\u00e9 Carcassonne"},"content":{"rendered":"\n<div class=\"is-layout-flex wp-container-8 wp-block-columns alignfull no-margin\">\n<div class=\"is-layout-flow wp-block-column is-vertically-aligned-bottom\" style=\"flex-basis:25%\">\n<figure class=\"wp-block-image size-full\"><img decoding=\"async\" loading=\"lazy\" width=\"435\" height=\"383\" src=\"https:\/\/www.prieure-carcassonne.fr\/wp-content\/uploads\/2022\/06\/fleur.png\" alt=\"\" class=\"wp-image-80\" srcset=\"https:\/\/www.prieure-carcassonne.fr\/wp-content\/uploads\/2022\/06\/fleur.png 435w, https:\/\/www.prieure-carcassonne.fr\/wp-content\/uploads\/2022\/06\/fleur-300x264.png 300w\" sizes=\"(max-width: 435px) 100vw, 435px\" \/><\/figure>\n<\/div>\n\n\n\n<div class=\"is-layout-flow wp-block-column is-vertically-aligned-center\" style=\"flex-basis:50%\">\n<h2 class=\"has-text-align-center no-margin decorate-title\">Welcome<\/h2>\n\n\n\n<p class=\"has-text-align-center no-margin has-text-color\" style=\"color:#5e2320\">in this wonderful domain<br\/>ideal for your vacations!<\/p>\n\n\n\n<p class=\"has-text-align-center has-text-color\" style=\"color:#5e2320\"><strong>Sabrina and Beno\u00eet<\/strong> welcome you to their estate located 10 minutes from the town centre.<br\/>of <strong>Carcassonne<\/strong>, in the picturesque hamlet of <strong>Gr\u00e8zes<\/strong>.<\/p>\n\n\n\n<p class=\"has-text-align-center has-text-color\" style=\"color:#5e2320\">On <strong>800m\u00b2<\/strong> of land, they offer <strong>two charming g\u00eetes<\/strong><br\/>so you can enjoy your vacation in complete independence.<\/p>\n\n\n<div class=\"wp-block-image arrow-down\">\n<figure class=\"aligncenter size-full\"><img decoding=\"async\" loading=\"lazy\" width=\"66\" height=\"66\" src=\"https:\/\/www.prieure-carcassonne.fr\/wp-content\/uploads\/2022\/06\/feather-arrow-right-circle@2x.png\" alt=\"\" class=\"wp-image-112\"\/><\/figure><\/div><\/div>\n\n\n\n<div class=\"is-layout-flow wp-block-column\" style=\"flex-basis:25%\">\n<div class=\"is-layout-flex wp-container-6 wp-block-columns is-not-stacked-on-mobile\" style=\"padding-top:0px;padding-right:0px;padding-bottom:0px;padding-left:0px\">\n<div class=\"is-layout-flow wp-block-column\">\n<figure class=\"wp-block-image size-full\"><img decoding=\"async\" src=\"https:\/\/www.prieure-carcassonne.fr\/wp-content\/uploads\/2022\/06\/Panonceau_Meuble&#x301;_4_e&#x301;toiles_2022.png\" alt=\"\" class=\"wp-image-81\"\/><\/figure>\n<\/div>\n\n\n\n<div class=\"is-layout-flow wp-block-column\">\n<figure class=\"wp-block-image size-full\"><img decoding=\"async\" loading=\"lazy\" width=\"95\" height=\"102\" src=\"https:\/\/www.prieure-carcassonne.fr\/wp-content\/uploads\/2022\/06\/logo_voyage_durable.png\" alt=\"\" class=\"wp-image-82\"\/><\/figure>\n<\/div>\n\n\n\n<div class=\"is-layout-flow wp-block-column\">\n<figure class=\"wp-block-image size-full is-resized\"><img decoding=\"async\" loading=\"lazy\" src=\"https:\/\/www.prieure-carcassonne.fr\/wp-content\/uploads\/2022\/08\/Logo-Accueil-Ve&#x301;lo.jpg\" alt=\"\" class=\"wp-image-549\" width=\"86\" height=\"113\"\/><\/figure>\n<\/div>\n<\/div>\n<\/div>\n<\/div>\n\n<div class=\"is-layout-flex wp-container-16 wp-block-columns alignfull no-margin has-background\" style=\"background-color:#5e2320;padding-top:1vw;padding-right:1vw;padding-bottom:1vw;padding-left:1vw\">\n<div class=\"is-layout-flow wp-block-column home-left-col has-white-color has-text-color\" style=\"flex-basis:55%\">\n<h2><strong>G\u00ceTE LE COUVENT ****<\/strong><\/h2>\n\n\n\n<p>This fully renovated former Convent can accommodate up to 8 people.<\/p>\n\n\n\n<p>Less than 10 minutes from the medieval city, at the start of the Aude vineyard and history trails, the g\u00eete is housed in the former Convent of the Holy Family, built in 1877 in the picturesque hamlet of Gr\u00e8zes Carcassonne.<\/p>\n\n\n\n<div class=\"is-layout-flow wp-block-group picto-group\"><div class=\"wp-block-group__inner-container\">\n<figure class=\"wp-block-image size-full picto\"><img decoding=\"async\" loading=\"lazy\" width=\"80\" height=\"80\" src=\"https:\/\/www.prieure-carcassonne.fr\/wp-content\/uploads\/2022\/06\/piscine@2x.png\" alt=\"\" class=\"wp-image-96\"\/><\/figure>\n\n\n\n<figure class=\"wp-block-image size-full picto\"><img decoding=\"async\" loading=\"lazy\" width=\"98\" height=\"100\" src=\"https:\/\/www.prieure-carcassonne.fr\/wp-content\/uploads\/2022\/06\/terrasse@2x.png\" alt=\"\" class=\"wp-image-97\"\/><\/figure>\n\n\n\n<figure class=\"wp-block-image size-full picto\"><img decoding=\"async\" loading=\"lazy\" width=\"118\" height=\"118\" src=\"https:\/\/www.prieure-carcassonne.fr\/wp-content\/uploads\/2022\/06\/barbecue@2x.png\" alt=\"\" class=\"wp-image-98\"\/><\/figure>\n\n\n\n<figure class=\"wp-block-image size-full picto\"><img decoding=\"async\" loading=\"lazy\" width=\"104\" height=\"104\" src=\"https:\/\/www.prieure-carcassonne.fr\/wp-content\/uploads\/2022\/06\/tv@2x.png\" alt=\"\" class=\"wp-image-99\"\/><\/figure>\n\n\n\n<figure class=\"wp-block-image size-full picto\"><img decoding=\"async\" loading=\"lazy\" width=\"126\" height=\"126\" src=\"https:\/\/www.prieure-carcassonne.fr\/wp-content\/uploads\/2022\/06\/cuisine@2x.png\" alt=\"\" class=\"wp-image-100\"\/><\/figure>\n\n\n\n<figure class=\"wp-block-image size-full picto\"><img decoding=\"async\" loading=\"lazy\" width=\"146\" height=\"146\" src=\"https:\/\/www.prieure-carcassonne.fr\/wp-content\/uploads\/2022\/06\/wifi@2x.png\" alt=\"\" class=\"wp-image-101\"\/><\/figure>\n\n\n\n<figure class=\"wp-block-image size-full picto\"><img decoding=\"async\" loading=\"lazy\" width=\"128\" height=\"128\" src=\"https:\/\/www.prieure-carcassonne.fr\/wp-content\/uploads\/2022\/06\/recharche@2x.png\" alt=\"\" class=\"wp-image-102\"\/><\/figure>\n\n\n\n<figure class=\"wp-block-image size-full picto\"><img decoding=\"async\" loading=\"lazy\" width=\"104\" height=\"104\" src=\"https:\/\/www.prieure-carcassonne.fr\/wp-content\/uploads\/2022\/06\/bycicle.png\" alt=\"\" class=\"wp-image-110\"\/><\/figure>\n\n\n\n<figure class=\"wp-block-image size-full picto\"><img decoding=\"async\" loading=\"lazy\" width=\"160\" height=\"160\" src=\"https:\/\/www.prieure-carcassonne.fr\/wp-content\/uploads\/2022\/06\/animaux@2x.png\" alt=\"\" class=\"wp-image-103\" srcset=\"https:\/\/www.prieure-carcassonne.fr\/wp-content\/uploads\/2022\/06\/animaux@2x.png 160w, https:\/\/www.prieure-carcassonne.fr\/wp-content\/uploads\/2022\/06\/animaux@2x-150x150.png 150w\" sizes=\"(max-width: 160px) 100vw, 160px\" \/><\/figure>\n<\/div><\/div>\n\n\n\n<div class=\"is-layout-flex wp-container-10 wp-block-buttons\">\n<div class=\"wp-block-button booking-button is-style-fill\"><a class=\"wp-block-button__link has-white-background-color has-text-color has-background wp-element-button\" href=\"https:\/\/domaine-le-couvent.galaxy-reservation.fr\" style=\"border-radius:24px;color:#5e2320\" target=\"_blank\" rel=\"noreferrer noopener\">RESERVE<\/a><\/div>\n<\/div>\n<\/div>\n\n\n\n<div class=\"is-layout-flow wp-block-column\" style=\"flex-basis:45%\">\n<div class=\"is-layout-flex wp-container-14 wp-block-columns is-not-stacked-on-mobile light-gap\">\n<div class=\"is-layout-flow wp-block-column\" style=\"flex-basis:60%\">\n<figure class=\"wp-block-image size-large home-a1\"><img decoding=\"async\" loading=\"lazy\" width=\"220\" height=\"146\" src=\"https:\/\/www.prieure-carcassonne.fr\/wp-content\/uploads\/2022\/06\/arabesque.png\" alt=\"\" class=\"wp-image-89\"\/><\/figure>\n\n\n\n<figure class=\"wp-block-image size-full home-p1\"><img decoding=\"async\" loading=\"lazy\" width=\"376\" height=\"366\" src=\"https:\/\/www.prieure-carcassonne.fr\/wp-content\/uploads\/2022\/06\/304161910-copie@2x.png\" alt=\"\" class=\"wp-image-90\" srcset=\"https:\/\/www.prieure-carcassonne.fr\/wp-content\/uploads\/2022\/06\/304161910-copie@2x.png 376w, https:\/\/www.prieure-carcassonne.fr\/wp-content\/uploads\/2022\/06\/304161910-copie@2x-300x292.png 300w\" sizes=\"(max-width: 376px) 100vw, 376px\" \/><\/figure>\n\n\n\n<figure class=\"wp-block-image size-full home-p4\"><img decoding=\"async\" loading=\"lazy\" width=\"730\" height=\"464\" src=\"https:\/\/www.prieure-carcassonne.fr\/wp-content\/uploads\/2022\/06\/304159978@2x.png\" alt=\"\" class=\"wp-image-93\" srcset=\"https:\/\/www.prieure-carcassonne.fr\/wp-content\/uploads\/2022\/06\/304159978@2x.png 730w, https:\/\/www.prieure-carcassonne.fr\/wp-content\/uploads\/2022\/06\/304159978@2x-300x191.png 300w\" sizes=\"(max-width: 730px) 100vw, 730px\" \/><\/figure>\n<\/div>\n\n\n\n<div class=\"is-layout-flow wp-block-column\" style=\"flex-basis:40%\">\n<figure class=\"wp-block-image size-full home-p2\"><img decoding=\"async\" loading=\"lazy\" width=\"512\" height=\"684\" src=\"https:\/\/www.prieure-carcassonne.fr\/wp-content\/uploads\/2022\/06\/343546715@2x.png\" alt=\"\" class=\"wp-image-91\" srcset=\"https:\/\/www.prieure-carcassonne.fr\/wp-content\/uploads\/2022\/06\/343546715@2x.png 512w, https:\/\/www.prieure-carcassonne.fr\/wp-content\/uploads\/2022\/06\/343546715@2x-225x300.png 225w\" sizes=\"(max-width: 512px) 100vw, 512px\" \/><\/figure>\n\n\n\n<figure class=\"wp-block-image size-full home-p3\"><img decoding=\"async\" loading=\"lazy\" width=\"442\" height=\"370\" src=\"https:\/\/www.prieure-carcassonne.fr\/wp-content\/uploads\/2022\/06\/61523232@2x.png\" alt=\"\" class=\"wp-image-88\" srcset=\"https:\/\/www.prieure-carcassonne.fr\/wp-content\/uploads\/2022\/06\/61523232@2x.png 442w, https:\/\/www.prieure-carcassonne.fr\/wp-content\/uploads\/2022\/06\/61523232@2x-300x251.png 300w\" sizes=\"(max-width: 442px) 100vw, 442px\" \/><\/figure>\n<\/div>\n<\/div>\n<\/div>\n<\/div>\n\n<div class=\"is-layout-flex wp-container-24 wp-block-columns alignfull no-margin has-background\" style=\"background-color:#c39b4d\">\n<div class=\"is-layout-flow wp-block-column home-left-col has-white-color has-text-color\" style=\"flex-basis:55%\">\n<h2><strong>G\u00ceTE LE PRESBYT\u00c8RE ****<\/strong><\/h2>\n\n\n\n<p>We&rsquo;ll be delighted to welcome you to this former Presbytery, built in 1466 and formerly a winegrowing estate, now transformed into a pleasant g\u00eete for up to 5 people.<\/p>\n\n\n\n<p>Less than 10 minutes from the Cit\u00e9 M\u00e9di\u00e9vale, at the start of the Aude vineyard and history circuits, me g\u00eete is housed in the former Presbytery in the picturesque hamlet of Gr\u00e8zes Carcassonne.<\/p>\n\n\n\n<div class=\"is-layout-flow wp-block-group picto-group\"><div class=\"wp-block-group__inner-container\">\n<figure class=\"wp-block-image size-full picto\"><img decoding=\"async\" loading=\"lazy\" width=\"80\" height=\"80\" src=\"https:\/\/www.prieure-carcassonne.fr\/wp-content\/uploads\/2022\/06\/piscine@2x.png\" alt=\"\" class=\"wp-image-96\"\/><\/figure>\n\n\n\n<figure class=\"wp-block-image size-full picto\"><img decoding=\"async\" loading=\"lazy\" width=\"98\" height=\"100\" src=\"https:\/\/www.prieure-carcassonne.fr\/wp-content\/uploads\/2022\/06\/terrasse@2x.png\" alt=\"\" class=\"wp-image-97\"\/><\/figure>\n\n\n\n<figure class=\"wp-block-image size-full picto\"><img decoding=\"async\" loading=\"lazy\" width=\"118\" height=\"118\" src=\"https:\/\/www.prieure-carcassonne.fr\/wp-content\/uploads\/2022\/06\/barbecue@2x.png\" alt=\"\" class=\"wp-image-98\"\/><\/figure>\n\n\n\n<figure class=\"wp-block-image size-full picto\"><img decoding=\"async\" loading=\"lazy\" width=\"104\" height=\"104\" src=\"https:\/\/www.prieure-carcassonne.fr\/wp-content\/uploads\/2022\/06\/tv@2x.png\" alt=\"\" class=\"wp-image-99\"\/><\/figure>\n\n\n\n<figure class=\"wp-block-image size-full picto\"><img decoding=\"async\" loading=\"lazy\" width=\"126\" height=\"126\" src=\"https:\/\/www.prieure-carcassonne.fr\/wp-content\/uploads\/2022\/06\/cuisine@2x.png\" alt=\"\" class=\"wp-image-100\"\/><\/figure>\n\n\n\n<figure class=\"wp-block-image size-full picto\"><img decoding=\"async\" loading=\"lazy\" width=\"146\" height=\"146\" src=\"https:\/\/www.prieure-carcassonne.fr\/wp-content\/uploads\/2022\/06\/wifi@2x.png\" alt=\"\" class=\"wp-image-101\"\/><\/figure>\n\n\n\n<figure class=\"wp-block-image size-full picto\"><img decoding=\"async\" loading=\"lazy\" width=\"128\" height=\"128\" src=\"https:\/\/www.prieure-carcassonne.fr\/wp-content\/uploads\/2022\/06\/recharche@2x.png\" alt=\"\" class=\"wp-image-102\"\/><\/figure>\n\n\n\n<figure class=\"wp-block-image size-full picto\"><img decoding=\"async\" loading=\"lazy\" width=\"104\" height=\"104\" src=\"https:\/\/www.prieure-carcassonne.fr\/wp-content\/uploads\/2022\/06\/bycicle.png\" alt=\"\" class=\"wp-image-110\"\/><\/figure>\n\n\n\n<figure class=\"wp-block-image size-full picto\"><img decoding=\"async\" loading=\"lazy\" width=\"160\" height=\"160\" src=\"https:\/\/www.prieure-carcassonne.fr\/wp-content\/uploads\/2022\/06\/animaux@2x.png\" alt=\"\" class=\"wp-image-103\" srcset=\"https:\/\/www.prieure-carcassonne.fr\/wp-content\/uploads\/2022\/06\/animaux@2x.png 160w, https:\/\/www.prieure-carcassonne.fr\/wp-content\/uploads\/2022\/06\/animaux@2x-150x150.png 150w\" sizes=\"(max-width: 160px) 100vw, 160px\" \/><\/figure>\n<\/div><\/div>\n\n\n\n<div class=\"is-layout-flex wp-container-18 wp-block-buttons\">\n<div class=\"wp-block-button booking-button is-style-fill\"><a class=\"wp-block-button__link has-white-background-color has-text-color has-background wp-element-button\" href=\"https:\/\/domaine-le-couvent.galaxy-reservation.fr\" style=\"border-radius:24px;color:#5e2320\" target=\"_blank\" rel=\"noreferrer noopener\">RESERVE<\/a><\/div>\n<\/div>\n<\/div>\n\n\n\n<div class=\"is-layout-flow wp-block-column\" style=\"flex-basis:45%\">\n<div class=\"is-layout-flex wp-container-22 wp-block-columns is-not-stacked-on-mobile light-gap\">\n<div class=\"is-layout-flow wp-block-column\" style=\"flex-basis:65%\">\n<figure class=\"wp-block-image size-full home-p5\"><img decoding=\"async\" loading=\"lazy\" width=\"802\" height=\"548\" src=\"https:\/\/www.prieure-carcassonne.fr\/wp-content\/uploads\/2022\/06\/304160353@2x-1.png\" alt=\"\" class=\"wp-image-119\" srcset=\"https:\/\/www.prieure-carcassonne.fr\/wp-content\/uploads\/2022\/06\/304160353@2x-1.png 802w, https:\/\/www.prieure-carcassonne.fr\/wp-content\/uploads\/2022\/06\/304160353@2x-1-300x205.png 300w, https:\/\/www.prieure-carcassonne.fr\/wp-content\/uploads\/2022\/06\/304160353@2x-1-768x525.png 768w\" sizes=\"(max-width: 802px) 100vw, 802px\" \/><\/figure>\n\n\n\n<figure class=\"wp-block-image size-full home-p7\"><img decoding=\"async\" loading=\"lazy\" width=\"516\" height=\"394\" src=\"https:\/\/www.prieure-carcassonne.fr\/wp-content\/uploads\/2022\/06\/304160346@2x.png\" alt=\"\" class=\"wp-image-123\" srcset=\"https:\/\/www.prieure-carcassonne.fr\/wp-content\/uploads\/2022\/06\/304160346@2x.png 516w, https:\/\/www.prieure-carcassonne.fr\/wp-content\/uploads\/2022\/06\/304160346@2x-300x229.png 300w\" sizes=\"(max-width: 516px) 100vw, 516px\" \/><\/figure>\n<\/div>\n\n\n\n<div class=\"is-layout-flow wp-block-column\" style=\"flex-basis:35%\">\n<figure class=\"wp-block-image size-full home-a2\"><img decoding=\"async\" loading=\"lazy\" width=\"387\" height=\"256\" src=\"https:\/\/www.prieure-carcassonne.fr\/wp-content\/uploads\/2022\/06\/arabesque2@2x.png\" alt=\"\" class=\"wp-image-120\" srcset=\"https:\/\/www.prieure-carcassonne.fr\/wp-content\/uploads\/2022\/06\/arabesque2@2x.png 387w, https:\/\/www.prieure-carcassonne.fr\/wp-content\/uploads\/2022\/06\/arabesque2@2x-300x198.png 300w\" sizes=\"(max-width: 387px) 100vw, 387px\" \/><\/figure>\n\n\n\n<figure class=\"wp-block-image size-full home-p6\"><img decoding=\"async\" loading=\"lazy\" width=\"432\" height=\"278\" src=\"https:\/\/www.prieure-carcassonne.fr\/wp-content\/uploads\/2022\/06\/304160345@2x.png\" alt=\"\" class=\"wp-image-121\" srcset=\"https:\/\/www.prieure-carcassonne.fr\/wp-content\/uploads\/2022\/06\/304160345@2x.png 432w, https:\/\/www.prieure-carcassonne.fr\/wp-content\/uploads\/2022\/06\/304160345@2x-300x193.png 300w\" sizes=\"(max-width: 432px) 100vw, 432px\" \/><\/figure>\n\n\n\n<figure class=\"wp-block-image size-full home-p8\"><img decoding=\"async\" loading=\"lazy\" width=\"434\" height=\"628\" src=\"https:\/\/www.prieure-carcassonne.fr\/wp-content\/uploads\/2022\/06\/304160315@2x.png\" alt=\"\" class=\"wp-image-122\" srcset=\"https:\/\/www.prieure-carcassonne.fr\/wp-content\/uploads\/2022\/06\/304160315@2x.png 434w, https:\/\/www.prieure-carcassonne.fr\/wp-content\/uploads\/2022\/06\/304160315@2x-207x300.png 207w\" sizes=\"(max-width: 434px) 100vw, 434px\" \/><\/figure>\n<\/div>\n<\/div>\n<\/div>\n<\/div>\n\n<div class=\"is-layout-flex wp-container-26 wp-block-columns alignfull no-margin\">\n<div class=\"is-layout-flow wp-block-column\">\n<figure class=\"wp-block-image alignfull size-full no-margin parallax-container\"><img decoding=\"async\" loading=\"lazy\" width=\"1440\" height=\"810\" src=\"https:\/\/www.prieure-carcassonne.fr\/wp-content\/uploads\/2022\/06\/bandeau_photo.jpg\" alt=\"\" class=\"wp-image-129\" srcset=\"https:\/\/www.prieure-carcassonne.fr\/wp-content\/uploads\/2022\/06\/bandeau_photo.jpg 1440w, https:\/\/www.prieure-carcassonne.fr\/wp-content\/uploads\/2022\/06\/bandeau_photo-300x169.jpg 300w, https:\/\/www.prieure-carcassonne.fr\/wp-content\/uploads\/2022\/06\/bandeau_photo-1024x576.jpg 1024w, https:\/\/www.prieure-carcassonne.fr\/wp-content\/uploads\/2022\/06\/bandeau_photo-768x432.jpg 768w\" sizes=\"(max-width: 1440px) 100vw, 1440px\" \/><\/figure>\n<\/div>\n<\/div>\n\n<div class=\"is-layout-flex wp-container-32 wp-block-columns alignfull no-margin no-gap stack-small has-white-background-color has-background\" style=\"padding-top:0px;padding-right:0px;padding-bottom:0px;padding-left:0px\">\n<div class=\"is-layout-flow wp-block-column\">\n<iframe src=\"https:\/\/www.google.com\/maps\/embed?pb=!1m18!1m12!1m3!1d41444.741879831796!2d2.291297199695311!3d43.219782036133985!2m3!1f0!2f0!3f0!3m2!1i1024!2i768!4f13.1!3m3!1m2!1s0x12ae331450aa22d7%3A0x2f19b6fb67b80c27!2sDomaine%20Le%20Couvent%20-%20g%C3%AEtes%204*2A!5e0!3m2!1sfr!2sfr!4v1654270571903!5m2!1sfr!2sfr\" style=\"border:0;\" allowfullscreen=\"\" loading=\"lazy\" referrerpolicy=\"no-referrer-when-downgrade\" width=\"962\" height=\"500\"><\/iframe>\n<\/div>\n\n\n\n<div class=\"is-layout-flow wp-block-column\">\n<div class=\"is-layout-flex wp-container-30 wp-block-columns is-not-stacked-on-mobile has-background\" style=\"background-color:#f5efe3;padding-top:0px;padding-right:0px;padding-bottom:0px;padding-left:0px\">\n<div class=\"is-layout-flow wp-block-column home-left-col\" style=\"flex-basis:66.66%\">\n<h2 class=\"has-text-color\" style=\"color:#5e2320\">DOMAINE<br\/>DU PIEUR\u00c9<\/h2>\n\n\n\n<p class=\"has-text-color\" style=\"color:#5e2320\"><strong>9 Rue des Saumes<br\/>Hamlet of Gr\u00e8zes<br\/>11100 CARCASSONNE<\/strong><\/p>\n\n\n\n<p class=\"has-text-color\" style=\"color:#5e2320\"><strong>Tel. : 06 67 94 01 73<br\/>Mail: couvent_carcassonne@yahoo.fr<\/strong><\/p>\n<\/div>\n\n\n\n<div class=\"is-layout-flow wp-block-column\" style=\"flex-basis:33.33%\"><div class=\"wp-block-image no-margin\">\n<figure class=\"alignright size-full is-resized\"><img decoding=\"async\" loading=\"lazy\" src=\"https:\/\/www.prieure-carcassonne.fr\/wp-content\/uploads\/2022\/06\/fer_forge-1@2x.png\" alt=\"\" class=\"wp-image-138\" width=\"177\" height=\"498\"\/><\/figure><\/div><\/div>\n<\/div>\n<\/div>\n<\/div>\n\n<div class=\"is-layout-flex wp-container-35 wp-block-columns alignfull is-not-stacked-on-mobile no-margin has-white-background-color has-background\" style=\"padding-top:0px;padding-right:0px;padding-bottom:0px;padding-left:0px\">\n<div class=\"is-layout-flow wp-block-column\" style=\"flex-basis:20%\"><div class=\"wp-block-image\">\n<figure class=\"alignleft size-full is-resized\"><img decoding=\"async\" loading=\"lazy\" src=\"https:\/\/www.prieure-carcassonne.fr\/wp-content\/uploads\/2022\/06\/fer_forge@2x.png\" alt=\"\" class=\"wp-image-152\" width=\"177\" height=\"498\"\/><\/figure><\/div><\/div>\n\n\n\n<div class=\"is-layout-flow wp-block-column\" style=\"flex-basis:80%\">\n<script src=\"https:\/\/apps.elfsight.com\/p\/platform.js\" defer=\"defer\"><\/script>\n<div class=\"elfsight-app-5a6e204f-60e4-4c2a-bfb8-b7ffeb562515\"><\/div>\n<\/div>\n<\/div>\n\n<div class=\"is-layout-flex wp-container-37 wp-block-columns alignfull\">\n<div class=\"is-layout-flow wp-block-column\">\n<script src=\"https:\/\/apps.elfsight.com\/p\/platform.js\" defer=\"defer\"><\/script>\n<div class=\"elfsight-app-d6d1e25d-3803-40d2-93cd-9e77165899c9\"><\/div>\n<\/div>\n<\/div>\n","protected":false},"excerpt":{"rendered":"<p>Welcome in this wonderful domainideal for your vacations! Sabrina and Beno\u00eet welcome you to their estate located 10 minutes from the town centre.of Carcassonne, in the picturesque hamlet of Gr\u00e8zes. On 800m\u00b2 of land, they offer two charming g\u00eetesso you can enjoy your vacation in complete independence. G\u00ceTE LE COUVENT **** This fully renovated former&hellip; <a class=\"more-link\" href=\"https:\/\/www.prieure-carcassonne.fr\/?page_id=875&#038;lang=en\">Poursuivre la lecture <span class=\"screen-reader-text\">Home &#8211; Domaine du Prieur\u00e9 Carcassonne<\/span><\/a><\/p>\n","protected":false},"author":1,"featured_media":0,"parent":0,"menu_order":0,"comment_status":"closed","ping_status":"closed","template":"","meta":[],"_links":{"self":[{"href":"https:\/\/www.prieure-carcassonne.fr\/index.php?rest_route=\/wp\/v2\/pages\/875"}],"collection":[{"href":"https:\/\/www.prieure-carcassonne.fr\/index.php?rest_route=\/wp\/v2\/pages"}],"about":[{"href":"https:\/\/www.prieure-carcassonne.fr\/index.php?rest_route=\/wp\/v2\/types\/page"}],"author":[{"embeddable":true,"href":"https:\/\/www.prieure-carcassonne.fr\/index.php?rest_route=\/wp\/v2\/users\/1"}],"replies":[{"embeddable":true,"href":"https:\/\/www.prieure-carcassonne.fr\/index.php?rest_route=%2Fwp%2Fv2%2Fcomments&post=875"}],"version-history":[{"count":4,"href":"https:\/\/www.prieure-carcassonne.fr\/index.php?rest_route=\/wp\/v2\/pages\/875\/revisions"}],"predecessor-version":[{"id":884,"href":"https:\/\/www.prieure-carcassonne.fr\/index.php?rest_route=\/wp\/v2\/pages\/875\/revisions\/884"}],"wp:attachment":[{"href":"https:\/\/www.prieure-carcassonne.fr\/index.php?rest_route=%2Fwp%2Fv2%2Fmedia&parent=875"}],"curies":[{"name":"wp","href":"https:\/\/api.w.org\/{rel}","templated":true}]}}