{"id":870,"date":"2022-05-25T14:35:51","date_gmt":"2022-05-25T12:35:51","guid":{"rendered":"https:\/\/www.prieure-carcassonne.fr\/?page_id=870"},"modified":"2024-03-08T12:30:40","modified_gmt":"2024-03-08T11:30:40","slug":"alrededores","status":"publish","type":"page","link":"https:\/\/www.prieure-carcassonne.fr\/?page_id=870&lang=es","title":{"rendered":"No se lo pierda"},"content":{"rendered":"\n<div class=\"is-layout-flex wp-container-18 wp-block-columns alignwide\" style=\"padding-top:0px;padding-right:0px;padding-bottom:0px;padding-left:0px\">\n<div class=\"is-layout-flow wp-block-column\" style=\"padding-top:1vw;padding-right:1vw;padding-bottom:1vw;padding-left:1vw\">\n<div class=\"is-layout-flow wp-block-group\"><div class=\"wp-block-group__inner-container\"><div class=\"wp-block-image is-style-rounded pic-alentours\">\n<figure class=\"aligncenter size-large is-resized\"><img decoding=\"async\" src=\"https:\/\/www.prieure-carcassonne.fr\/wp-content\/uploads\/2022\/06\/carcassonne-edited.jpg\" alt=\"\" class=\"wp-image-373\" width=\"480\" srcset=\"https:\/\/www.prieure-carcassonne.fr\/wp-content\/uploads\/2022\/06\/carcassonne-edited.jpg 960w, https:\/\/www.prieure-carcassonne.fr\/wp-content\/uploads\/2022\/06\/carcassonne-edited-300x300.jpg 300w, https:\/\/www.prieure-carcassonne.fr\/wp-content\/uploads\/2022\/06\/carcassonne-edited-150x150.jpg 150w, https:\/\/www.prieure-carcassonne.fr\/wp-content\/uploads\/2022\/06\/carcassonne-edited-768x768.jpg 768w\" sizes=\"(max-width: 960px) 100vw, 960px\" \/><\/figure><\/div>\n\n\n<div class=\"is-layout-flow wp-block-group card-alentours\"><div class=\"wp-block-group__inner-container\">\n<h2 class=\"has-text-align-center has-large-font-size\"><strong>VISITA LA CIUDAD MEDIEVAL a 10 min.<\/strong><\/h2>\n\n\n\n<p>Enclavada en lo alto de una colina, la ciudad medieval domina todo el pueblo y se dice que es uno de los conjuntos medievales mejor conservados del mundo. Venga a descubrir esta joya de nuestra historia, declarada Patrimonio de la Humanidad por la UNESCO, y a pasear por sus encantadoras callejuelas. Es una aut\u00e9ntica inmersi\u00f3n en la Edad Media.<\/p>\n\n\n\n<p class=\"has-text-align-right buble-title\"><strong><a href=\"https:\/\/www.tourisme-carcassonne.fr\/decouvrir\/la-cite-medievale\/\" target=\"_blank\" rel=\"noreferrer noopener\">SABER M\u00c1S<\/a><\/strong><\/p>\n<\/div><\/div>\n<\/div><\/div>\n\n\n\n<div class=\"is-layout-flow wp-block-group\"><div class=\"wp-block-group__inner-container\"><div class=\"wp-block-image is-style-rounded pic-alentours\">\n<figure class=\"aligncenter size-large is-resized\"><img decoding=\"async\" loading=\"lazy\" src=\"https:\/\/www.prieure-carcassonne.fr\/wp-content\/uploads\/2022\/06\/carcassonne_centre-1-edited.jpg\" alt=\"\" class=\"wp-image-351\" width=\"480\" height=\"480\" srcset=\"https:\/\/www.prieure-carcassonne.fr\/wp-content\/uploads\/2022\/06\/carcassonne_centre-1-edited.jpg 773w, https:\/\/www.prieure-carcassonne.fr\/wp-content\/uploads\/2022\/06\/carcassonne_centre-1-edited-300x300.jpg 300w, https:\/\/www.prieure-carcassonne.fr\/wp-content\/uploads\/2022\/06\/carcassonne_centre-1-edited-150x150.jpg 150w, https:\/\/www.prieure-carcassonne.fr\/wp-content\/uploads\/2022\/06\/carcassonne_centre-1-edited-768x769.jpg 768w\" sizes=\"(max-width: 480px) 100vw, 480px\" \/><\/figure><\/div>\n\n\n<div class=\"is-layout-flow wp-block-group card-alentours\"><div class=\"wp-block-group__inner-container\">\n<h2 class=\"has-text-align-center has-large-font-size\"><strong>CARCASSONNE CENTRE VILLE a 5 minutos<\/strong><\/h2>\n\n\n\n<p>La Bastida Saint-Louis es el centro de la actual ciudad de Carcasona, pero data de 1209. Es el ep\u00edtome de la convivialidad de Carcasona, con sus mercados, peque\u00f1os comercios, restaurantes y numerosas visitas culturales.<\/p>\n\n\n\n<p class=\"has-text-align-right buble-title\"><strong><a href=\"https:\/\/www.tourisme-carcassonne.fr\/decouvrir\/la-bastide-saint-louis\/\" target=\"_blank\" rel=\"noreferrer noopener\">SABER M\u00c1S<\/a><\/strong><\/p>\n<\/div><\/div>\n<\/div><\/div>\n\n\n\n<div class=\"is-layout-flow wp-block-group\"><div class=\"wp-block-group__inner-container\"><div class=\"wp-block-image is-style-rounded pic-alentours\">\n<figure class=\"aligncenter size-large is-resized\"><img decoding=\"async\" loading=\"lazy\" src=\"https:\/\/www.prieure-carcassonne.fr\/wp-content\/uploads\/2022\/07\/Gouffre-de-Cabrespine-par-Herve&#x301;-Leclair_Aspheries-141-edited.jpg\" alt=\"\" class=\"wp-image-446\" width=\"480\" height=\"480\"\/><\/figure><\/div>\n\n\n<div class=\"is-layout-flow wp-block-group card-alentours\"><div class=\"wp-block-group__inner-container\">\n<h2 class=\"has-text-align-center has-large-font-size\"><strong>ABISMO GIGANTE DE CABRESPINE<\/strong> <strong>a 30 minutos<\/strong><\/h2>\n\n\n\n<p>El Gouffre G\u00e9ant de Cabrespine, a 250 metros de profundidad, es una de las 10 cuevas m\u00e1s bellas de Europa. \u00a1Impresionante! Su singularidad radica en que ofrece una diversidad de cursos de formaci\u00f3n sin precedentes. Experimente la emoci\u00f3n de la atracci\u00f3n desde el balc\u00f3n suspendido sobre el vac\u00edo. Espeleolog\u00eda<\/p>\n\n\n\n<p class=\"has-text-align-right buble-title\"><strong><a href=\"https:\/\/www.gouffre-de-cabrespine.com\/\" target=\"_blank\" rel=\"noreferrer noopener\">SABER M\u00c1S<\/a><\/strong><\/p>\n<\/div><\/div>\n<\/div><\/div>\n\n\n\n<div class=\"is-layout-flow wp-block-group\"><div class=\"wp-block-group__inner-container\"><div class=\"wp-block-image is-style-rounded pic-alentours\">\n<figure class=\"aligncenter size-large is-resized\"><img decoding=\"async\" loading=\"lazy\" src=\"https:\/\/www.prieure-carcassonne.fr\/wp-content\/uploads\/2022\/06\/vignes-1-edited.jpg\" alt=\"\" class=\"wp-image-353\" width=\"480\" height=\"480\" srcset=\"https:\/\/www.prieure-carcassonne.fr\/wp-content\/uploads\/2022\/06\/vignes-1-edited.jpg 914w, https:\/\/www.prieure-carcassonne.fr\/wp-content\/uploads\/2022\/06\/vignes-1-edited-300x300.jpg 300w, https:\/\/www.prieure-carcassonne.fr\/wp-content\/uploads\/2022\/06\/vignes-1-edited-150x150.jpg 150w, https:\/\/www.prieure-carcassonne.fr\/wp-content\/uploads\/2022\/06\/vignes-1-edited-768x768.jpg 768w\" sizes=\"(max-width: 480px) 100vw, 480px\" \/><\/figure><\/div>\n\n\n<div class=\"is-layout-flow wp-block-group card-alentours\"><div class=\"wp-block-group__inner-container\">\n<h2 class=\"has-text-align-center has-large-font-size\"><strong>PASEOS POR LOS VI\u00d1EDOS  <\/strong><br\/><strong>&amp; SALIDAS A PIE IN SITU<\/strong><\/h2>\n\n\n\n<p>Muchos paseos y senderos se\u00f1alizados y senderos para bicicletas de monta\u00f1a alrededor de Carcassonne en el pa\u00eds c\u00e1taro Aude, Montagne Noire, Alaric, Minervois, Cabard\u00e8s, Malep\u00e8re &#8230; Ofrecemos bicicletas para sus excursiones.<\/p>\n\n\n\n<p class=\"has-text-align-right buble-title\"><strong><a href=\"https:\/\/www.grand-carcassonne-tourisme.fr\/votre-sejour\/activites\/rando\/\" target=\"_blank\" rel=\"noreferrer noopener\">SABER M\u00c1S<\/a><\/strong><\/p>\n<\/div><\/div>\n<\/div><\/div>\n<\/div>\n\n\n\n<div class=\"is-layout-flow wp-block-column\" style=\"padding-top:1vw;padding-right:1vw;padding-bottom:1vw;padding-left:1vw\">\n<figure class=\"wp-block-image size-full is-resized flower-contact\"><img decoding=\"async\" loading=\"lazy\" src=\"https:\/\/www.prieure-carcassonne.fr\/wp-content\/uploads\/2022\/06\/fleur@2x.png\" alt=\"\" class=\"wp-image-292\" width=\"435\" height=\"383\" srcset=\"https:\/\/www.prieure-carcassonne.fr\/wp-content\/uploads\/2022\/06\/fleur@2x.png 870w, https:\/\/www.prieure-carcassonne.fr\/wp-content\/uploads\/2022\/06\/fleur@2x-300x264.png 300w, https:\/\/www.prieure-carcassonne.fr\/wp-content\/uploads\/2022\/06\/fleur@2x-768x675.png 768w\" sizes=\"(max-width: 435px) 100vw, 435px\" \/><\/figure>\n\n\n\n<div style=\"height:100px\" aria-hidden=\"true\" class=\"wp-block-spacer\"><\/div>\n\n\n\n<div class=\"is-layout-flow wp-block-group\"><div class=\"wp-block-group__inner-container\"><div class=\"wp-block-image is-style-rounded pic-alentours\">\n<figure class=\"aligncenter size-large is-resized\"><img decoding=\"async\" loading=\"lazy\" src=\"https:\/\/www.prieure-carcassonne.fr\/wp-content\/uploads\/2022\/06\/canal_midi-1-edited.jpg\" alt=\"\" class=\"wp-image-350\" width=\"480\" height=\"480\" srcset=\"https:\/\/www.prieure-carcassonne.fr\/wp-content\/uploads\/2022\/06\/canal_midi-1-edited.jpg 810w, https:\/\/www.prieure-carcassonne.fr\/wp-content\/uploads\/2022\/06\/canal_midi-1-edited-300x300.jpg 300w, https:\/\/www.prieure-carcassonne.fr\/wp-content\/uploads\/2022\/06\/canal_midi-1-edited-150x150.jpg 150w, https:\/\/www.prieure-carcassonne.fr\/wp-content\/uploads\/2022\/06\/canal_midi-1-edited-768x767.jpg 768w\" sizes=\"(max-width: 480px) 100vw, 480px\" \/><\/figure><\/div>\n\n\n<div class=\"is-layout-flow wp-block-group card-alentours\"><div class=\"wp-block-group__inner-container\">\n<h2 class=\"has-text-align-center has-large-font-size\"><strong>CANAL DU MIDI a 2min<\/strong><\/h2>\n\n\n\n<p>Dise\u00f1ado por Pierre-Paul Riquet en el siglo XVII para unir el Atl\u00e1ntico con el Mediterr\u00e1neo, el Canal du Midi, anta\u00f1o utilizado para el transporte de mercanc\u00edas y personas, atraviesa el coraz\u00f3n de la ciudad de Carcasona. UNESCO<\/p>\n\n\n\n<p class=\"has-text-align-right buble-title\"><strong><a href=\"https:\/\/www.tourisme-carcassonne.fr\/decouvrir\/le-canal-du-midi\/\" target=\"_blank\" rel=\"noreferrer noopener\">SABER M\u00c1S<\/a><\/strong><\/p>\n<\/div><\/div>\n<\/div><\/div>\n\n\n\n<div class=\"is-layout-flow wp-block-group\"><div class=\"wp-block-group__inner-container\"><div class=\"wp-block-image is-style-rounded pic-alentours\">\n<figure class=\"aligncenter size-large is-resized\"><img decoding=\"async\" loading=\"lazy\" src=\"https:\/\/www.prieure-carcassonne.fr\/wp-content\/uploads\/2022\/07\/grotte_limousis1-edited.jpg\" alt=\"\" class=\"wp-image-443\" width=\"480\" height=\"480\" srcset=\"https:\/\/www.prieure-carcassonne.fr\/wp-content\/uploads\/2022\/07\/grotte_limousis1-edited.jpg 2000w, https:\/\/www.prieure-carcassonne.fr\/wp-content\/uploads\/2022\/07\/grotte_limousis1-edited-300x300.jpg 300w, https:\/\/www.prieure-carcassonne.fr\/wp-content\/uploads\/2022\/07\/grotte_limousis1-edited-1024x1024.jpg 1024w, https:\/\/www.prieure-carcassonne.fr\/wp-content\/uploads\/2022\/07\/grotte_limousis1-edited-150x150.jpg 150w, https:\/\/www.prieure-carcassonne.fr\/wp-content\/uploads\/2022\/07\/grotte_limousis1-edited-768x768.jpg 768w, https:\/\/www.prieure-carcassonne.fr\/wp-content\/uploads\/2022\/07\/grotte_limousis1-edited-1536x1536.jpg 1536w, https:\/\/www.prieure-carcassonne.fr\/wp-content\/uploads\/2022\/07\/grotte_limousis1-edited-1568x1568.jpg 1568w\" sizes=\"(max-width: 480px) 100vw, 480px\" \/><\/figure><\/div>\n\n\n<div class=\"is-layout-flow wp-block-group card-alentours\"><div class=\"wp-block-group__inner-container\">\n<h2 class=\"has-text-align-center has-large-font-size\"><strong>CUEVAS DE LIMOUSINES<\/strong> <strong>a 30 minutos<\/strong><\/h2>\n\n\n\n<p>La mayor cueva reconvertida del pa\u00eds c\u00e1taro. A lo largo de m\u00e1s de un kil\u00f3metro, descubrir\u00e1 7 c\u00e1maras diferentes y variadas, con cientos de formaciones, gours con reflejos m\u00e1gicos y miles de cristales.<\/p>\n\n\n\n<p class=\"has-text-align-right buble-title\"><strong><a href=\"https:\/\/www.grotte-de-limousis.fr\/\" target=\"_blank\" rel=\"noreferrer noopener\">SABER M\u00c1S<\/a><\/strong><\/p>\n<\/div><\/div>\n<\/div><\/div>\n\n\n\n<div class=\"is-layout-flow wp-block-group\"><div class=\"wp-block-group__inner-container\"><div class=\"wp-block-image is-style-rounded pic-alentours\">\n<figure class=\"aligncenter size-large is-resized\"><img decoding=\"async\" loading=\"lazy\" src=\"https:\/\/www.prieure-carcassonne.fr\/wp-content\/uploads\/2022\/06\/lastours-1-edited.jpg\" alt=\"\" class=\"wp-image-352\" width=\"480\" height=\"480\" srcset=\"https:\/\/www.prieure-carcassonne.fr\/wp-content\/uploads\/2022\/06\/lastours-1-edited.jpg 959w, https:\/\/www.prieure-carcassonne.fr\/wp-content\/uploads\/2022\/06\/lastours-1-edited-300x300.jpg 300w, https:\/\/www.prieure-carcassonne.fr\/wp-content\/uploads\/2022\/06\/lastours-1-edited-150x150.jpg 150w, https:\/\/www.prieure-carcassonne.fr\/wp-content\/uploads\/2022\/06\/lastours-1-edited-768x767.jpg 768w\" sizes=\"(max-width: 480px) 100vw, 480px\" \/><\/figure><\/div>\n\n\n<div class=\"is-layout-flow wp-block-group card-alentours\"><div class=\"wp-block-group__inner-container\">\n<h2 class=\"has-text-align-center has-large-font-size\"><strong>CASTILLOS DE LASTOURS a 30 min<\/strong><\/h2>\n\n\n\n<p>Esta ciudad medieval fortificada, cuyos or\u00edgenes se remontan a la \u00e9poca galo-romana, debe su fama a su doble recinto, de casi 3 km de largo1 y compuesto por cincuenta y dos torres1, que domina el valle del Aude. La Cit\u00e9 tambi\u00e9n incluye un castillo (el Ch\u00e2teau Comtal) y una bas\u00edlica (la Bas\u00edlica de Saint-Nazaire).<\/p>\n\n\n\n<p class=\"has-text-align-right buble-title\"><strong><a href=\"https:\/\/www.payscathare.org\/les-sites\/chateaux-de-lastours\" target=\"_blank\" rel=\"noreferrer noopener\">SABER M\u00c1S<\/a><\/strong><\/p>\n<\/div><\/div>\n<\/div><\/div>\n\n\n\n<div style=\"height:70px\" aria-hidden=\"true\" class=\"wp-block-spacer\"><\/div>\n\n\n\n<div class=\"is-layout-flow wp-block-group txt-alentours\"><div class=\"wp-block-group__inner-container\">\n<p class=\"has-text-align-center has-large-font-size\"><img decoding=\"async\" loading=\"lazy\" src=\"https:\/\/www.prieure-carcassonne.fr\/wp-content\/uploads\/2022\/06\/Icon-material-local-grocery-store@2x-1.png\" height=\"30\" width=\"30\" alt=\"Centro comercial de Carcasona\" style=\"margin-right: .6rem;\"\/>Centro comercial  <br\/>y supermercados a 2 km  <\/p>\n\n\n\n<p class=\"has-text-align-center has-large-font-size\"><img decoding=\"async\" loading=\"lazy\" src=\"https:\/\/www.prieure-carcassonne.fr\/wp-content\/uploads\/2022\/06\/Icon-material-flight@2x.png\" height=\"40\" width=\"40\" alt=\"Aeropuerto de Carcasona\"\/>Aeropuerto de  <br\/>Carcasona 2 km  <\/p>\n\n\n\n<p class=\"has-text-align-center decorate-title has-extra-large-font-size\">Consejos y recomendaciones<br\/>fuera de los caminos trillados<\/p>\n<\/div><\/div>\n\n\n\n<p><\/p>\n<\/div>\n<\/div>\n\n<div class=\"is-layout-flex wp-container-23 wp-block-columns alignwide\">\n<div class=\"is-layout-flow wp-block-column\">\n<h2 class=\"has-text-align-center has-large-font-size\">Puede encontrarnos (y otras informaciones \u00fatiles) en las p\u00e1ginas web de las oficinas de turismo de Carcasona y del Gran Carcasona:<\/h2>\n\n\n\n<div class=\"is-layout-flex wp-container-21 wp-block-columns\">\n<div class=\"is-layout-flow wp-block-column\">\n<h4 class=\"has-text-align-center entry-content\"><a rel=\"noreferrer noopener\" href=\"https:\/\/www.grand-carcassonne-tourisme.fr\/chambre-hotes-location\/domaine-du-prieure-gite-le-presbytere\/\" target=\"_blank\">grand-carcassonne-tourisme.fr<\/a><\/h4>\n<\/div>\n\n\n\n<div class=\"is-layout-flow wp-block-column\">\n<h4 class=\"has-text-align-center entry-content\"><a rel=\"noreferrer noopener\" href=\"https:\/\/www.tourisme-carcassonne.fr\/hebergement\/domaine-du-prieure-gite-le-couvent\/\" target=\"_blank\">turismo-carcassonne.fr<\/a><\/h4>\n<\/div>\n<\/div>\n<\/div>\n<\/div>\n\n<figure class=\"wp-block-image alignfull size-full parallax-container no-margin\"><img decoding=\"async\" loading=\"lazy\" width=\"960\" height=\"960\" src=\"https:\/\/www.prieure-carcassonne.fr\/wp-content\/uploads\/2022\/06\/carcassonne-1-edited-2.jpg\" alt=\"\" class=\"wp-image-356\" srcset=\"https:\/\/www.prieure-carcassonne.fr\/wp-content\/uploads\/2022\/06\/carcassonne-1-edited-2.jpg 960w, https:\/\/www.prieure-carcassonne.fr\/wp-content\/uploads\/2022\/06\/carcassonne-1-edited-2-300x300.jpg 300w, https:\/\/www.prieure-carcassonne.fr\/wp-content\/uploads\/2022\/06\/carcassonne-1-edited-2-150x150.jpg 150w, https:\/\/www.prieure-carcassonne.fr\/wp-content\/uploads\/2022\/06\/carcassonne-1-edited-2-768x768.jpg 768w\" sizes=\"(max-width: 960px) 100vw, 960px\" \/><\/figure>\n","protected":false},"excerpt":{"rendered":"<p>VISITA LA CIUDAD MEDIEVAL a 10 min. Enclavada en lo alto de una colina, la ciudad medieval domina todo el pueblo y se dice que es uno de los conjuntos medievales mejor conservados del mundo. Venga a descubrir esta joya de nuestra historia, declarada Patrimonio de la Humanidad por la UNESCO, y a pasear por&hellip; <a class=\"more-link\" href=\"https:\/\/www.prieure-carcassonne.fr\/?page_id=870&#038;lang=es\">Poursuivre la lecture <span class=\"screen-reader-text\">No se lo pierda<\/span><\/a><\/p>\n","protected":false},"author":1,"featured_media":0,"parent":0,"menu_order":0,"comment_status":"closed","ping_status":"closed","template":"","meta":[],"_links":{"self":[{"href":"https:\/\/www.prieure-carcassonne.fr\/index.php?rest_route=\/wp\/v2\/pages\/870"}],"collection":[{"href":"https:\/\/www.prieure-carcassonne.fr\/index.php?rest_route=\/wp\/v2\/pages"}],"about":[{"href":"https:\/\/www.prieure-carcassonne.fr\/index.php?rest_route=\/wp\/v2\/types\/page"}],"author":[{"embeddable":true,"href":"https:\/\/www.prieure-carcassonne.fr\/index.php?rest_route=\/wp\/v2\/users\/1"}],"replies":[{"embeddable":true,"href":"https:\/\/www.prieure-carcassonne.fr\/index.php?rest_route=%2Fwp%2Fv2%2Fcomments&post=870"}],"version-history":[{"count":3,"href":"https:\/\/www.prieure-carcassonne.fr\/index.php?rest_route=\/wp\/v2\/pages\/870\/revisions"}],"predecessor-version":[{"id":1059,"href":"https:\/\/www.prieure-carcassonne.fr\/index.php?rest_route=\/wp\/v2\/pages\/870\/revisions\/1059"}],"wp:attachment":[{"href":"https:\/\/www.prieure-carcassonne.fr\/index.php?rest_route=%2Fwp%2Fv2%2Fmedia&parent=870"}],"curies":[{"name":"wp","href":"https:\/\/api.w.org\/{rel}","templated":true}]}}