{"id":869,"date":"2022-05-11T09:57:23","date_gmt":"2022-05-11T07:57:23","guid":{"rendered":"https:\/\/www.prieure-carcassonne.fr\/?page_id=869"},"modified":"2023-06-15T11:25:21","modified_gmt":"2023-06-15T09:25:21","slug":"politica-de-privacidad","status":"publish","type":"page","link":"https:\/\/www.prieure-carcassonne.fr\/?page_id=869&lang=es","title":{"rendered":"Pol\u00edtica de privacidad"},"content":{"rendered":"\n<div class=\"is-layout-flex wp-container-2 wp-block-columns alignwide\">\n<div class=\"is-layout-flow wp-block-column\" style=\"flex-basis:100%\">\n<h2>\u00bfQui\u00e9nes somos?<\/h2>\n\n\n\n<p>La direcci\u00f3n de nuestro sitio web es: https:\/\/www.prieure-carcassonne.fr<\/p>\n\n\n\n<p><strong>Nombre de la empresa: Thilois<br\/>forma jur\u00eddica: SARL<br\/>Capital social: 10.000 euros<br\/>Direcci\u00f3n de la sede social: 9 rue des Saumes, 11000 Carcassonne<br\/>N\u00daMERO SIRET: 49490268700024<br\/>Contacto: Sabrina Herrador-Theron -&gt; <a href=\"mailto:couvent_carcassonne@yahoo.fr\">couvent_carcassonne@yahoo.fr<\/a><\/strong><\/p>\n\n\n\n<p>El responsable del tratamiento es Sabrina Herrador-Theron. La informaci\u00f3n recogida se utiliza para registrar su inscripci\u00f3n en el sitio y sus preguntas o para proporcionarle informaci\u00f3n sobre cursos de formaci\u00f3n.<br\/>Los destinatarios de los datos son : Thilois<br\/><br\/>De conformidad con la Ley francesa de Inform\u00e1tica y Libertades de 6 de enero de 1978, modificada en 2004, usted tiene derecho a acceder a la informaci\u00f3n que le concierne y a rectificarla. Puede ejercer este derecho poni\u00e9ndose en contacto con Thilois: 9 rue des Saumes, 11000 Carcassonne o por correo electr\u00f3nico: <strong>\n  <a href=\"mailto:couvent_carcassonne@yahoo.fr\">couvent_carcassonne@yahoo.fr<\/a>\n<\/strong><br\/>Tambi\u00e9n puede, por motivos leg\u00edtimos, oponerse al tratamiento de sus datos.<\/p>\n\n\n\n<h2>Herramientas y servicios de terceros<\/h2>\n\n\n\n<p>Utilizamos varias herramientas y servicios de terceros para este sitio que cumplen con el Reglamento General de Protecci\u00f3n de Datos (GDPR).<\/p>\n\n\n\n<ul>\n<li>El sitio web prieure-carcassonne.fr utiliza el CMS <a rel=\"noreferrer noopener\" href=\"https:\/\/fr.wordpress.org\/2018\/06\/06\/wordpress-version-4-9-6-7-de-nouveaux-outils-pour-lapplication-du-rgpd\/\" target=\"_blank\">WordPress<\/a> instalado en un servidor propiedad de Nonem Media Group y que utiliza Jetpack.<\/li>\n\n\n\n<li>Bolet\u00edn de noticias : <a href=\"https:\/\/mailchimp.com\/en\/help\/mailchimp-european-data-transfers\/\" rel=\"noreferrer noopener\" target=\"_blank\">MailChimp<\/a><\/li>\n\n\n\n<li>Redes sociales vinculadas (y medici\u00f3n de la audiencia): <a rel=\"noreferrer noopener\" href=\"https:\/\/fr-fr.facebook.com\/business\/gdpr\" target=\"_blank\">Facebook<\/a>, <a href=\"https:\/\/fr-fr.facebook.com\/business\/gdpr\">Instagram<\/a><\/li>\n\n\n\n<li>Medici\u00f3n de la audiencia: <a href=\"https:\/\/marketingplatform.google.com\/about\/analytics\/terms\/gb\/\" rel=\"noreferrer noopener\" target=\"_blank\">Google Analytics<\/a><\/li>\n\n\n\n<li>M\u00e1s informaci\u00f3n sobre las pol\u00edticas de privacidad de Google :\n<ul>\n<li><a href=\"https:\/\/policies.google.com\/technologies\/cookies?hl=fr\" rel=\"noreferrer noopener\" target=\"_blank\">Uso de cookies<\/a><\/li>\n\n\n\n<li><a href=\"https:\/\/policies.google.com\/privacy?hl=fr&amp;gl=fr\" rel=\"noreferrer noopener\" target=\"_blank\">Normas de confidencialidad<\/a> &amp; <a href=\"https:\/\/policies.google.com\/privacy\" rel=\"noreferrer noopener\" target=\"_blank\">Normas de confidencialidad (actualizaci\u00f3n)<\/a><\/li>\n\n\n\n<li><a href=\"https:\/\/business.safety.google\/intl\/fr_fr\/compliance\/\" rel=\"noreferrer noopener\" target=\"_blank\">Compromisos para cumplir la legislaci\u00f3n sobre protecci\u00f3n de datos<\/a><\/li>\n<\/ul>\n<\/li>\n<\/ul>\n\n\n\n<h2>Acerca de las cookies<\/h2>\n\n\n\n<p>Utilizamos varias cookies en el sitio para mejorar la interactividad y medir la audiencia del sitio y nuestros servicios.<\/p>\n\n\n\n<p><strong>\u00bfQu\u00e9 es una galleta?<\/strong><br\/>Una \u00ab\u00a0cookie\u00a0\u00bb es un archivo de tama\u00f1o limitado, generalmente formado por letras y n\u00fameros, que el servidor web env\u00eda al archivo de cookies del navegador ubicado en el disco duro de su ordenador.<br\/><a href=\"https:\/\/www.cnil.fr\/fr\/cookies-les-outils-pour-les-maitriser\" rel=\"noreferrer noopener\" target=\"_blank\">M\u00e1s informaci\u00f3n sobre las cookies, c\u00f3mo funcionan y c\u00f3mo bloquearlas.<\/a><\/p>\n\n\n\n<h3>Su privacidad es importante para nosotros<\/h3>\n\n\n\n<p>Para proteger mejor su privacidad, le proporcionamos este aviso explic\u00e1ndole nuestras pr\u00e1cticas de informaci\u00f3n en l\u00ednea y c\u00f3mo se recopila y utiliza su informaci\u00f3n. Para que este aviso sea f\u00e1cil de encontrar, lo ponemos a su disposici\u00f3n en nuestro pie de p\u00e1gina y en todos los puntos en los que se pueda solicitar informaci\u00f3n de identificaci\u00f3n personal.<\/p>\n\n\n\n<p>Los archivos de registro se conservan y no capturan ninguna informaci\u00f3n personal; s\u00f3lo la direcci\u00f3n IP del usuario es reconocida autom\u00e1ticamente por nuestros servidores web.<\/p>\n\n\n\n<h2>Bolet\u00edn<\/h2>\n\n\n\n<p>El bolet\u00edn es un medio de informaci\u00f3n a los abonados.<\/p>\n\n\n\n<ul>\n<li>El responsable del tratamiento de los boletines informativos es el responsable del sitio web prieure-carcassonne.fr.<\/li>\n\n\n\n<li>Los correos electr\u00f3nicos de registro s\u00f3lo se utilizan para los boletines informativos enviados por Thilois.<\/li>\n\n\n\n<li>El objetivo del bolet\u00edn es facilitar informaci\u00f3n<\/li>\n\n\n\n<li>S\u00f3lo tiene que enviar un correo electr\u00f3nico para inscribirse. Durante el proceso de inscripci\u00f3n se env\u00eda un correo electr\u00f3nico de validaci\u00f3n\/confirmaci\u00f3n para confirmar la inscripci\u00f3n.<\/li>\n\n\n\n<li>Cada bolet\u00edn incluye un enlace para darse de baja.<\/li>\n\n\n\n<li>Es posible que se env\u00ede una solicitud de confirmaci\u00f3n de inscripci\u00f3n de vez en cuando. Si no responde tres veces, ser\u00e1 eliminado de la lista.<\/li>\n\n\n\n<li>Los correos electr\u00f3nicos de las personas que se dan de baja no se conservan.<\/li>\n<\/ul>\n\n\n\n<p><strong>Alojamiento:<\/strong> ONLINE SAS, sociedad por acciones simplificada con un capital de 214.410,50 euros, filial del grupo Iliad, inscrita en el Registro Mercantil de Par\u00eds con el n\u00famero RCS PARIS B 433 115 904, n\u00famero de IVA FR 35 433115904.<\/p>\n\n\n\n<h2>Per\u00edodo de conservaci\u00f3n de los datos<\/h2>\n\n\n\n<p>Vida \u00fatil administrativa (UAL) aplicable a los principales datos y procedimientos gestionados por R\u00e9cifal News. El DUA cubre la vida \u00fatil del principio activo.<\/p>\n\n\n\n<figure class=\"wp-block-table\"><table><tbody><tr><td><strong>Procedimiento<\/strong><\/td><td><strong>Plazo para la recogida de informaci\u00f3n en el marco del procedimiento<\/strong><\/td><\/tr><tr><td>Contactar con el webmaster<\/td><td>6 meses despu\u00e9s de la recepci\u00f3n de la solicitud<\/td><\/tr><tr><td>Remisi\u00f3n al responsable de la protecci\u00f3n de datos (RPD)<\/td><td>A\u00f1o natural de la solicitud + 5 a\u00f1os<\/td><\/tr><tr><td>Suscripci\u00f3n al bolet\u00edn<\/td><td>Mientras est\u00e9 registrado<\/td><\/tr><\/tbody><\/table><\/figure>\n\n\n\n<h2>Propiedad intelectual<\/h2>\n\n\n\n<p>Todo este sitio est\u00e1 sujeto a la legislaci\u00f3n francesa e internacional sobre derechos de autor y propiedad intelectual.<br\/>Quedan reservados todos los derechos de reproducci\u00f3n, incluidos los documentos iconogr\u00e1ficos y fotogr\u00e1ficos.<\/p>\n\n\n\n<p>El sitio prieure-carcassonne.fr est\u00e1 desarrollado y mantenido por <a href=\"https:\/\/www.nonem-mediagroup.com\/\">Nonem Media Group<\/a>, que tambi\u00e9n posee el cr\u00e9dito fotogr\u00e1fico.<\/p>\n<\/div>\n<\/div>\n","protected":false},"excerpt":{"rendered":"<p>\u00bfQui\u00e9nes somos? La direcci\u00f3n de nuestro sitio web es: https:\/\/www.prieure-carcassonne.fr Nombre de la empresa: Thiloisforma jur\u00eddica: SARLCapital social: 10.000 eurosDirecci\u00f3n de la sede social: 9 rue des Saumes, 11000 CarcassonneN\u00daMERO SIRET: 49490268700024Contacto: Sabrina Herrador-Theron -&gt; couvent_carcassonne@yahoo.fr El responsable del tratamiento es Sabrina Herrador-Theron. La informaci\u00f3n recogida se utiliza para registrar su inscripci\u00f3n en el sitio&hellip; <a class=\"more-link\" href=\"https:\/\/www.prieure-carcassonne.fr\/?page_id=869&#038;lang=es\">Poursuivre la lecture <span class=\"screen-reader-text\">Pol\u00edtica de privacidad<\/span><\/a><\/p>\n","protected":false},"author":1,"featured_media":0,"parent":0,"menu_order":0,"comment_status":"closed","ping_status":"open","template":"","meta":[],"_links":{"self":[{"href":"https:\/\/www.prieure-carcassonne.fr\/index.php?rest_route=\/wp\/v2\/pages\/869"}],"collection":[{"href":"https:\/\/www.prieure-carcassonne.fr\/index.php?rest_route=\/wp\/v2\/pages"}],"about":[{"href":"https:\/\/www.prieure-carcassonne.fr\/index.php?rest_route=\/wp\/v2\/types\/page"}],"author":[{"embeddable":true,"href":"https:\/\/www.prieure-carcassonne.fr\/index.php?rest_route=\/wp\/v2\/users\/1"}],"replies":[{"embeddable":true,"href":"https:\/\/www.prieure-carcassonne.fr\/index.php?rest_route=%2Fwp%2Fv2%2Fcomments&post=869"}],"version-history":[{"count":1,"href":"https:\/\/www.prieure-carcassonne.fr\/index.php?rest_route=\/wp\/v2\/pages\/869\/revisions"}],"predecessor-version":[{"id":874,"href":"https:\/\/www.prieure-carcassonne.fr\/index.php?rest_route=\/wp\/v2\/pages\/869\/revisions\/874"}],"wp:attachment":[{"href":"https:\/\/www.prieure-carcassonne.fr\/index.php?rest_route=%2Fwp%2Fv2%2Fmedia&parent=869"}],"curies":[{"name":"wp","href":"https:\/\/api.w.org\/{rel}","templated":true}]}}