{"id":45,"date":"2022-05-25T14:35:23","date_gmt":"2022-05-25T12:35:23","guid":{"rendered":"https:\/\/www.prieure-carcassonne.fr\/?page_id=45"},"modified":"2025-07-27T16:38:48","modified_gmt":"2025-07-27T14:38:48","slug":"services","status":"publish","type":"page","link":"https:\/\/www.prieure-carcassonne.fr\/?page_id=45","title":{"rendered":"Les petits plus"},"content":{"rendered":"\n<div class=\"is-layout-flex wp-container-3 wp-block-columns alignfull margin-services\">\n<div class=\"is-layout-flow wp-block-column slide-piscine\"><p>[smartslider3 slider=\u00a0\u00bb2&Prime;]<\/p>\n<\/div>\n\n\n\n<div class=\"is-layout-flow wp-block-column\">\n<h3 class=\"has-text-align-left buble-title has-white-color has-text-color\"><strong>PISCINE<\/strong><\/h3>\n\n\n\n<p>\u2022 Piscine s\u00e9curis\u00e9e &#8211; 6 m\u00e8tres sur 9 &#8211; Profondeur 1.10m \u00e0 1.60m <br>\u2022 Chauff\u00e9e au solaire <br>\u2022 Chaises longues et coin salon disponibles <br>\u2022 Bou\u00e9es, frites et jeux gonflables Serviettes de piscine<\/p>\n\n\n<div class=\"wp-block-image\">\n<figure class=\"alignright size-medium\"><img decoding=\"async\" loading=\"lazy\" width=\"300\" height=\"197\" src=\"https:\/\/www.prieure-carcassonne.fr\/wp-content\/uploads\/2022\/06\/Groupe-43@2x-300x197.png\" alt=\"\" class=\"wp-image-270\" srcset=\"https:\/\/www.prieure-carcassonne.fr\/wp-content\/uploads\/2022\/06\/Groupe-43@2x-300x197.png 300w, https:\/\/www.prieure-carcassonne.fr\/wp-content\/uploads\/2022\/06\/Groupe-43@2x.png 425w\" sizes=\"(max-width: 300px) 100vw, 300px\" \/><\/figure><\/div><\/div>\n<\/div>\n\n\n\n<div class=\"is-layout-flex wp-container-6 wp-block-columns alignfull margin-services\">\n<div class=\"is-layout-flow wp-block-column\">\n<h3 class=\"buble-title has-white-color has-text-color\"><strong>JARDIN<\/strong><\/h3>\n\n\n\n<p>Arbor\u00e9 et fleuri, enti\u00e8rement cl\u00f4tur\u00e9, le jardin est commun. <br>\u2022 Poulailler <br>\u2022 Potager <br>\u2022 Boulodrome <br>\u2022 PING-PONG <br>\u2022 Badminton <br>\u2022 Pr\u00e9sence de tortues en libert\u00e9 <\/p>\n<\/div>\n\n\n\n<div class=\"is-layout-flow wp-block-column slide-piscine\"><p>[smartslider3 slider=\u00a0\u00bb3&Prime;]<\/p>\n<\/div>\n<\/div>\n\n\n\n<div class=\"is-layout-flex wp-container-9 wp-block-columns alignfull margin-services\">\n<div class=\"is-layout-flow wp-block-column slide-piscine\"><p>[smartslider3 slider=\u00a0\u00bb4&Prime;]<\/p>\n\n\n<div class=\"wp-block-image\">\n<figure class=\"alignleft size-medium\"><img decoding=\"async\" loading=\"lazy\" width=\"300\" height=\"197\" src=\"https:\/\/www.prieure-carcassonne.fr\/wp-content\/uploads\/2022\/06\/Groupe-42@2x-300x197.png\" alt=\"\" class=\"wp-image-278\" srcset=\"https:\/\/www.prieure-carcassonne.fr\/wp-content\/uploads\/2022\/06\/Groupe-42@2x-300x197.png 300w, https:\/\/www.prieure-carcassonne.fr\/wp-content\/uploads\/2022\/06\/Groupe-42@2x.png 623w\" sizes=\"(max-width: 300px) 100vw, 300px\" \/><\/figure><\/div><\/div>\n\n\n\n<div class=\"is-layout-flow wp-block-column\">\n<h3 class=\"buble-title has-white-color has-text-color\"><strong>PETIT D\u00c9JEUNER &amp; REPAS<\/strong><\/h3>\n\n\n\n<p>Savourer l&rsquo;Authenticit\u00e9 de notre Cuisine Faite Maison ! Notre engagement : une cuisine enti\u00e8rement maison, privil\u00e9giant les produits locaux et les circuits courts, avec une pr\u00e9f\u00e9rence pour le bio. Tout au long de la saison, notre potager et notre poulailler sont choy\u00e9s, vous permettant de d\u00e9guster des l\u00e9gumes et des \u0153ufs frais directement issus de notre propri\u00e9t\u00e9.<\/p>\n\n\n\n<ul>\n<li>Le Petit d\u00e9jeuner continental, simple et efficace, il se compose de viennoiseries, pain, confitures boissons chaudes et jus frais de saison. Prix par adulte 12 \u20ac (enfant -6 ans gratuit, de 6 \u00e0 12 ans 5 \u20ac)<\/li>\n<\/ul>\n\n\n\n<ul>\n<li>Le petit-d\u00e9jeuner complet, dans l&rsquo;esprit Brunch, il se compose de : viennoiseries, pain, confitures, p\u00e2tisseries vari\u00e9es, yaourts maison, fruits frais, jus ou eau de fruits frais de saison, fromages, charcuteries, \u0153ufs\u2026. Prix\/adulte : 22 \u20ac (enfant -6ans gratuit, de 6 \u00e0 12 ans 12\u20ac)<\/li>\n<\/ul>\n\n\n\n<p>\u2022 Les d\u00eeners se composent d\u2019une entr\u00e9e, un plat et un dessert, une bouteille de vin local pour 2. Pens\u00e9s selon le march\u00e9 du moment ou au gr\u00e9 de mes envies, avec des produits locaux et\/ou bio, de vos go\u00fbts et r\u00e9gimes alimentaires. Des menus sp\u00e9ciaux pour les enfants et cassoulet traditionnel maison sont aussi disponibles. R\u00e9servation des repas 24h avant. <br>Prix\/adulte : 35 \u20ac (enfant -6 ans gratuit, de 6 \u00e0 12 ans 15\u20ac)<\/p>\n\n\n\n<p>\u2022 La D\u00e9gustation dinatoire de plusieurs vins locaux accompagn\u00e9e de gourmandises sal\u00e9es et sucr\u00e9es (oui, un vrai ap\u00e9ro du Sud !) est propos\u00e9e, chez nous et avec nous. Une exploration des saveurs et traditions locales, des influences gastronomiques de nos racines et un partage convivial. R\u00e9servation 24h \u00e0 l\u2019avance. <br>Prix\/adulte : 45 \u20ac<\/p>\n<\/div>\n<\/div>\n\n\n\n<div class=\"is-layout-flex wp-container-12 wp-block-columns alignfull margin-services\">\n<div class=\"is-layout-flow wp-block-column\">\n<h3 class=\"buble-title has-white-color has-text-color\"><strong>LES +<\/strong><\/h3>\n\n\n\n<p>Toujours dans une d\u00e9marche \u00e9co-responsable, nous vous proposons : <br>\u2022 Des produits d\u2019entretien et de toilette fabriqu\u00e9s maison sans toxiques <br>\u2022 Pr\u00eat de v\u00e9los <br>\u2022 Outillage de r\u00e9paration de v\u00e9los <br>\u2022 Prise 220v pour voiture \u00e9lectrique <br>\u2022 Possibilit\u00e9 de garage dormant<\/p>\n<\/div>\n\n\n\n<div class=\"is-layout-flow wp-block-column slide-piscine\"><p>[smartslider3 slider=\u00a0\u00bb5&Prime;]<\/p>\n<\/div>\n<\/div>\n\n\n\n<figure class=\"wp-block-image alignfull size-full no-margin parallax-container\"><img decoding=\"async\" loading=\"lazy\" width=\"881\" height=\"856\" src=\"https:\/\/www.prieure-carcassonne.fr\/wp-content\/uploads\/2024\/03\/salade-mangue-boulgour.jpeg\" alt=\"\" class=\"wp-image-1073\" srcset=\"https:\/\/www.prieure-carcassonne.fr\/wp-content\/uploads\/2024\/03\/salade-mangue-boulgour.jpeg 881w, https:\/\/www.prieure-carcassonne.fr\/wp-content\/uploads\/2024\/03\/salade-mangue-boulgour-300x291.jpeg 300w, https:\/\/www.prieure-carcassonne.fr\/wp-content\/uploads\/2024\/03\/salade-mangue-boulgour-768x746.jpeg 768w\" sizes=\"(max-width: 881px) 100vw, 881px\" \/><\/figure>\n","protected":false},"excerpt":{"rendered":"<p>PISCINE \u2022 Piscine s\u00e9curis\u00e9e &#8211; 6 m\u00e8tres sur 9 &#8211; Profondeur 1.10m \u00e0 1.60m \u2022 Chauff\u00e9e au solaire \u2022 Chaises longues et coin salon disponibles \u2022 Bou\u00e9es, frites et jeux gonflables Serviettes de piscine JARDIN Arbor\u00e9 et fleuri, enti\u00e8rement cl\u00f4tur\u00e9, le jardin est commun. \u2022 Poulailler \u2022 Potager \u2022 Boulodrome \u2022 PING-PONG \u2022 Badminton \u2022&hellip; <a class=\"more-link\" href=\"https:\/\/www.prieure-carcassonne.fr\/?page_id=45\">Poursuivre la lecture <span class=\"screen-reader-text\">Les petits plus<\/span><\/a><\/p>\n","protected":false},"author":1,"featured_media":0,"parent":0,"menu_order":0,"comment_status":"closed","ping_status":"closed","template":"","meta":[],"_links":{"self":[{"href":"https:\/\/www.prieure-carcassonne.fr\/index.php?rest_route=\/wp\/v2\/pages\/45"}],"collection":[{"href":"https:\/\/www.prieure-carcassonne.fr\/index.php?rest_route=\/wp\/v2\/pages"}],"about":[{"href":"https:\/\/www.prieure-carcassonne.fr\/index.php?rest_route=\/wp\/v2\/types\/page"}],"author":[{"embeddable":true,"href":"https:\/\/www.prieure-carcassonne.fr\/index.php?rest_route=\/wp\/v2\/users\/1"}],"replies":[{"embeddable":true,"href":"https:\/\/www.prieure-carcassonne.fr\/index.php?rest_route=%2Fwp%2Fv2%2Fcomments&post=45"}],"version-history":[{"count":25,"href":"https:\/\/www.prieure-carcassonne.fr\/index.php?rest_route=\/wp\/v2\/pages\/45\/revisions"}],"predecessor-version":[{"id":1168,"href":"https:\/\/www.prieure-carcassonne.fr\/index.php?rest_route=\/wp\/v2\/pages\/45\/revisions\/1168"}],"wp:attachment":[{"href":"https:\/\/www.prieure-carcassonne.fr\/index.php?rest_route=%2Fwp%2Fv2%2Fmedia&parent=45"}],"curies":[{"name":"wp","href":"https:\/\/api.w.org\/{rel}","templated":true}]}}