{"id":3,"date":"2022-05-11T09:57:23","date_gmt":"2022-05-11T07:57:23","guid":{"rendered":"https:\/\/www.prieure-carcassonne.fr\/?page_id=3"},"modified":"2023-03-29T10:48:09","modified_gmt":"2023-03-29T08:48:09","slug":"politique-de-confidentialite","status":"publish","type":"page","link":"https:\/\/www.prieure-carcassonne.fr\/?page_id=3","title":{"rendered":"Politique de confidentialit\u00e9"},"content":{"rendered":"\n<div class=\"is-layout-flex wp-container-2 wp-block-columns alignwide\">\n<div class=\"is-layout-flow wp-block-column\" style=\"flex-basis:100%\">\n<h2>Qui sommes-nous&nbsp;?<\/h2>\n\n\n\n<p>L\u2019adresse de notre site Web est\u00a0: https:\/\/www.prieure-carcassonne.fr<\/p>\n\n\n\n<p><strong>Raison sociale : Thilois<br>forme juridique : SARL<br>Capital social : 10 000\u20ac<br>Adresse si\u00e8ge : 9 rue des Saumes, 11000 Carcassonne<br>N\u00b0 SIRET : 49490268700024<br>Contac : Sabrina Herrador-Theron -> <a href=\"mailto:couvent_carcassonne@yahoo.fr\">couvent_carcassonne@yahoo.fr<\/a><\/strong><\/p>\n\n\n\n<p>Le responsable du traitement est Sabrina Herrador-Theron. Les informations recueillies font l\u2019objet d\u2019un traitement informatique destin\u00e9 \u00e0 enregistrer votre inscription sur le site et vos questions ou \u00eatre inform\u00e9 sur les formations.<br>Les destinataires des donn\u00e9es sont : Thilois<br><br>Conform\u00e9ment \u00e0 la loi \u00ab informatique et libert\u00e9s \u00bb du 6 janvier 1978 modifi\u00e9e en 2004, vous b\u00e9n\u00e9ficiez d\u2019un droit d\u2019acc\u00e8s et de rectification aux informations qui vous concernent, que vous pouvez exercer en vous adressant \u00e0 Thilois : 9 rue des Saumes, 11000 Carcassonne et par e-mail: <strong><a href=\"mailto:couvent_carcassonne@yahoo.fr\">couvent_carcassonne@yahoo.fr<\/a><\/strong><br>Vous pouvez \u00e9galement, pour des motifs l\u00e9gitimes, vous opposer au traitement des donn\u00e9es vous concernant.<\/p>\n\n\n\n<h2>Outils et services tiers<\/h2>\n\n\n\n<p>Pour ce site nous utilisons divers outils et services tiers conformes au r\u00e8glement g\u00e9n\u00e9ral sur la protection des donn\u00e9es (RGPD).<\/p>\n\n\n\n<ul>\n<li>Le site prieure-carcassonne.fr : utilise le CMS <a rel=\"noreferrer noopener\" href=\"https:\/\/fr.wordpress.org\/2018\/06\/06\/wordpress-version-4-9-6-7-de-nouveaux-outils-pour-lapplication-du-rgpd\/\" target=\"_blank\">WordPress<\/a> install\u00e9 sur un serveur d\u00e9tenu par Nonem Media Group et utilisant Jetpack<\/li>\n\n\n\n<li>News Letter : <a href=\"https:\/\/mailchimp.com\/en\/help\/mailchimp-european-data-transfers\/\" rel=\"noreferrer noopener\" target=\"_blank\">MailChimp<\/a><\/li>\n\n\n\n<li>R\u00e9seaux sociaux li\u00e9s (&amp; mesure d\u2019audience) : <a rel=\"noreferrer noopener\" href=\"https:\/\/fr-fr.facebook.com\/business\/gdpr\" target=\"_blank\">Facebook<\/a>, <a href=\"https:\/\/fr-fr.facebook.com\/business\/gdpr\">Instagram<\/a><\/li>\n\n\n\n<li>Mesure d\u2019audience : <a href=\"https:\/\/marketingplatform.google.com\/about\/analytics\/terms\/gb\/\" rel=\"noreferrer noopener\" target=\"_blank\">Google Analytics<\/a><\/li>\n\n\n\n<li>Plus d\u2019information sur les polices de confidentialit\u00e9 Google :\n<ul>\n<li><a href=\"https:\/\/policies.google.com\/technologies\/cookies?hl=fr\" rel=\"noreferrer noopener\" target=\"_blank\">Utilisation des cookies<\/a><\/li>\n\n\n\n<li><a href=\"https:\/\/policies.google.com\/privacy?hl=fr&amp;gl=fr\" rel=\"noreferrer noopener\" target=\"_blank\">R\u00e8gles de confidentialit\u00e9<\/a> &amp; <a href=\"https:\/\/policies.google.com\/privacy\" rel=\"noreferrer noopener\" target=\"_blank\">R\u00e8gles de confidentialit\u00e9 (mise \u00e0 jour)<\/a><\/li>\n\n\n\n<li><a href=\"https:\/\/business.safety.google\/intl\/fr_fr\/compliance\/\" rel=\"noreferrer noopener\" target=\"_blank\">Engagements de respect des lois sur la protection des donn\u00e9es<\/a><\/li>\n<\/ul>\n<\/li>\n<\/ul>\n\n\n\n<h2>A propos des cookies<\/h2>\n\n\n\n<p>Nous utilisons diff\u00e9rents cookies sur le site pour am\u00e9liorer l\u2019interactivit\u00e9, mesurer l\u2019audience du site et nos services.<\/p>\n\n\n\n<p><strong>Qu\u2019est-ce qu\u2019un \u00ab&nbsp;cookie&nbsp;\u00bb ?<\/strong><br>Un \u00ab&nbsp;cookie&nbsp;\u00bb est un fichier de taille limit\u00e9e, g\u00e9n\u00e9ralement constitu\u00e9 de lettres et de chiffres, envoy\u00e9 par le serveur internet au fichier cookie du navigateur situ\u00e9 sur le disque dur de votre ordinateur.<br><a href=\"https:\/\/www.cnil.fr\/fr\/cookies-les-outils-pour-les-maitriser\" rel=\"noreferrer noopener\" target=\"_blank\">En savoir plus sur les cookies, leur fonctionnement et les moyens de s\u2019y opposer.<\/a><\/p>\n\n\n\n<h3>Votre vie priv\u00e9e est importante pour nous<\/h3>\n\n\n\n<p>Pour mieux prot\u00e9ger votre vie priv\u00e9e, nous fournissons cette notification expliquant nos pratiques en mati\u00e8re d\u2019informations en ligne et la fa\u00e7on dont vos renseignements sont recueillis et utilis\u00e9s. Pour rendre cette notification facile \u00e0 trouver, nous la rendons disponible dans notre bas de page et \u00e0 chaque point o\u00f9 des informations personnelles et identifiables peuvent \u00eatre demand\u00e9es.<\/p>\n\n\n\n<p>Les fichiers journaux sont conserv\u00e9s et ne capturent pas d\u2019informations personnelles, seule l\u2019adresse IP de l\u2019utilisateur est automatiquement reconnue par nos serveurs Web.<\/p>\n\n\n\n<h2>Newsletter<\/h2>\n\n\n\n<p>La newsletter est un moyen d\u2019information propos\u00e9 &nbsp;aux personnes qui s\u2019y sont inscrites.<\/p>\n\n\n\n<ul>\n<li>Le responsable du traitement des newsletters est le responsable du site prieure-carcassonne.fr<\/li>\n\n\n\n<li>Les \u00e9mail d\u2019inscription sont utilis\u00e9s uniquement pour les newsletters envoy\u00e9es par Thilois<\/li>\n\n\n\n<li>La finalit\u00e9 de newsletter est informative<\/li>\n\n\n\n<li>Seul un \u00e9mail est n\u00e9cessaire pour s\u2019inscrire. Un \u00e9mail n\u00e9cessitant une validation\/confirmation est envoy\u00e9 lors du processus d\u2019inscription pour confirmer l\u2019inscription<\/li>\n\n\n\n<li>Chaque \u00e9mail de newsletter comporte un lien pour la d\u00e9sinscription<\/li>\n\n\n\n<li>P\u00e9riodiquement une demande de confirmation de l\u2019inscription pourra \u00eatre envoy\u00e9e. Au bout de trois non-r\u00e9ponses, la d\u00e9sinscription sera effective<\/li>\n\n\n\n<li>Les \u00e9mail des personnes d\u00e9sinscrites ne sont pas conserv\u00e9s<\/li>\n<\/ul>\n\n\n\n<p><strong>H\u00e9bergement:<\/strong> ONLINE SAS, soci\u00e9t\u00e9 par actions simplifi\u00e9e au capital de 214 410,50 Euros, filiale du groupe Iliad, immatricul\u00e9e au Registre du Commerce et des Soci\u00e9t\u00e9s de Paris sous le num\u00e9ro RCS PARIS B 433 115 904, num\u00e9ro de TVA FR 35 433115904.<\/p>\n\n\n\n<h2>Dur\u00e9e de conservation des donn\u00e9es<\/h2>\n\n\n\n<p>Dur\u00e9es d\u2019utilit\u00e9 administrative (DUA) applicables aux principales donn\u00e9es et proc\u00e9dures g\u00e9r\u00e9es par R\u00e9cifal News. La DUA couvre la dur\u00e9e de conservation en base active.<\/p>\n\n\n\n<figure class=\"wp-block-table\"><table><tbody><tr><td><strong>Proc\u00e9dure<\/strong><\/td><td><strong>DUA des informations collect\u00e9es dans le cadre de la proc\u00e9dure<\/strong><\/td><\/tr><tr><td>Contact webmestre<\/td><td>6 mois apr\u00e8s la r\u00e9ception de la demande<\/td><\/tr><tr><td>Saisine du d\u00e9l\u00e9gu\u00e9 \u00e0 la protection des donn\u00e9es (DPO)<\/td><td>Ann\u00e9e civile de la demande + 5 ans<\/td><\/tr><tr><td>Inscription Newsletter<\/td><td>Tans que inscrit<\/td><\/tr><\/tbody><\/table><\/figure>\n\n\n\n<h2>Propri\u00e9t\u00e9 intellectuelle<\/h2>\n\n\n\n<p>L\u2019ensemble de ce site rel\u00e8ve des l\u00e9gislations fran\u00e7aises et internationales sur le droit d\u2019auteur et la propri\u00e9t\u00e9 intellectuelle.<br>Tous les droits de reproduction sont r\u00e9serv\u00e9s, y compris pour les documents iconographiques et photographiques.<\/p>\n\n\n\n<p>Le site prieure-carcassonne.fr est d\u00e9velopp\u00e9 et maintenu par la soci\u00e9t\u00e9 <a href=\"https:\/\/www.nonem-mediagroup.com\/\">Nonem Media Group<\/a> qui d\u00e9tient \u00e9galement le cr\u00e9dit photographique.<\/p>\n<\/div>\n<\/div>\n","protected":false},"excerpt":{"rendered":"<p>Qui sommes-nous&nbsp;? L\u2019adresse de notre site Web est\u00a0: https:\/\/www.prieure-carcassonne.fr Raison sociale : Thiloisforme juridique : SARLCapital social : 10 000\u20acAdresse si\u00e8ge : 9 rue des Saumes, 11000 CarcassonneN\u00b0 SIRET : 49490268700024Contac : Sabrina Herrador-Theron -> couvent_carcassonne@yahoo.fr Le responsable du traitement est Sabrina Herrador-Theron. Les informations recueillies font l\u2019objet d\u2019un traitement informatique destin\u00e9 \u00e0 enregistrer votre&hellip; <a class=\"more-link\" href=\"https:\/\/www.prieure-carcassonne.fr\/?page_id=3\">Poursuivre la lecture <span class=\"screen-reader-text\">Politique de confidentialit\u00e9<\/span><\/a><\/p>\n","protected":false},"author":1,"featured_media":0,"parent":0,"menu_order":0,"comment_status":"closed","ping_status":"open","template":"","meta":[],"_links":{"self":[{"href":"https:\/\/www.prieure-carcassonne.fr\/index.php?rest_route=\/wp\/v2\/pages\/3"}],"collection":[{"href":"https:\/\/www.prieure-carcassonne.fr\/index.php?rest_route=\/wp\/v2\/pages"}],"about":[{"href":"https:\/\/www.prieure-carcassonne.fr\/index.php?rest_route=\/wp\/v2\/types\/page"}],"author":[{"embeddable":true,"href":"https:\/\/www.prieure-carcassonne.fr\/index.php?rest_route=\/wp\/v2\/users\/1"}],"replies":[{"embeddable":true,"href":"https:\/\/www.prieure-carcassonne.fr\/index.php?rest_route=%2Fwp%2Fv2%2Fcomments&post=3"}],"version-history":[{"count":2,"href":"https:\/\/www.prieure-carcassonne.fr\/index.php?rest_route=\/wp\/v2\/pages\/3\/revisions"}],"predecessor-version":[{"id":571,"href":"https:\/\/www.prieure-carcassonne.fr\/index.php?rest_route=\/wp\/v2\/pages\/3\/revisions\/571"}],"wp:attachment":[{"href":"https:\/\/www.prieure-carcassonne.fr\/index.php?rest_route=%2Fwp%2Fv2%2Fmedia&parent=3"}],"curies":[{"name":"wp","href":"https:\/\/api.w.org\/{rel}","templated":true}]}}